{"id":90,"date":"2023-06-04T16:57:25","date_gmt":"2023-06-04T14:57:25","guid":{"rendered":"https:\/\/sunblogbdsm.fr\/?page_id=90"},"modified":"2023-06-04T16:57:47","modified_gmt":"2023-06-04T14:57:47","slug":"pegging","status":"publish","type":"page","link":"https:\/\/sunblogbdsm.fr\/?page_id=90","title":{"rendered":"Pegging"},"content":{"rendered":"<p dir=\"ltr\" style=\"line-height: 2.16; margin-top: 0pt; margin-bottom: 15pt;\">J\u2019ai tr\u00e8s longtemps fantasm\u00e9 sur le pegging, ou de son nom anglais, chevillage. Cela a commenc\u00e9 par quelques photos diss\u00e9min\u00e9es dans mes dossiers masturbatoires. C\u2019est une pratique \u00e0 la fois omnipr\u00e9sente et invisible. Vivace dans l\u2019esprit de ses d\u00e9tracteurs, un simple doigt s\u2019aventurant dans les contr\u00e9es interdites pourrait remettre en question une identit\u00e9 virile. Et invisible de par son manque de pr\u00e9sence dans les conversations amicales (du moins h\u00e9t\u00e9ro), on se vante de d\u00e9monter une chatte, mais pas d\u2019avoir explor\u00e9 ses propres cavit\u00e9s. Si les jeunes g\u00e9n\u00e9rations semblent s\u2019emparer de la chose et que l\u2019\u00e9rotisation de cette pratique progresse, il y a encore beaucoup de progr\u00e8s \u00e0 faire pour la d\u00e9mocratiser, il m\u2019est arriv\u00e9 d\u2019expliciter la diff\u00e9rence entre un scrotum et une prostate \u00e0 des personnes adultes. Heureusement, \u00e9pargn\u00e9 par le tabou prostatique, mon strap-on sacr\u00e9 attendait son heure, bien au chaud dans ma malle \u00e0 malice.<\/p>\n<p dir=\"ltr\" style=\"line-height: 2.16; margin-top: 0pt; margin-bottom: 15pt;\">Comtesse m\u2019a alors confi\u00e9 d\u00e9sirer explorer la chose, mais faute de partenaire ad\u00e9quat, elle avait rang\u00e9 ce d\u00e9sir dans un coin de sa t\u00eate. C\u2019est avec une joie non dissimul\u00e9e que je lui confiais poss\u00e9der cet accessoire, et je pr\u00e9cisais qu\u2019avec une pr\u00e9paration suffisante je pensais \u00eatre capable d\u2019accueillir en moi cette verge sombre. Nous convenions alors de plusieurs semaines d\u2019entra\u00eenement, dans ma gourmandise et mon ignorance, j\u2019avais achet\u00e9 un mod\u00e8le tr\u00e8s imposant qui s\u2019\u00e9tait jusqu\u2019alors r\u00e9v\u00e9l\u00e9 inutile. Dans la vie r\u00e9elle la pr\u00e9paration anale n\u2019est pas optionnelle, je regardais diff\u00e9rents tutoriels et conseils, pour devenir moi aussi un aficionado du chevillage. Achat de poppers et de lingettes pour b\u00e9b\u00e9s, entra\u00eenement \u00e0 la poire \u00e0 lavement et domestication de la \u00ab bite \u00bb de Comtesse \u00e9taient des \u00e9tapes indispensables.<\/p>\n<p dir=\"ltr\" style=\"line-height: 2.16; margin-top: 0pt; margin-bottom: 15pt;\">Je partageais les diff\u00e9rents entra\u00eenements et les progr\u00e8s en live avec Comtesse, si les plugs moyens ne repr\u00e9sentaient plus un d\u00e9fi, je couinais de frustrations en restant bloqu\u00e9 \u00e0 la moiti\u00e9 de ce nouvel outil de plaisir.<\/p>\n<p dir=\"ltr\" style=\"line-height: 2.16; margin-top: 0pt; margin-bottom: 15pt;\">Noir et \u00e9pais, ce plug mesure 18 centim\u00e8tres de longueur et 4 centim\u00e8tres de circonf\u00e9rence, je prenais soin chaque soir d\u2019entra\u00eenement de le lubrifier avec g\u00e9n\u00e9rosit\u00e9. Positionn\u00e9 sur un espace d\u00e9sinfect\u00e9 je m\u2019asseyais dessus avec patience, prenant le temps de d\u00e9tendre mes fesses accueillantes et de faire de doux va et vient. Pour diminuer la sensation de g\u00eane, je n\u2019h\u00e9sitais pas \u00e0 me caresser. De nombreuses photos envoy\u00e9es en direct permettaient \u00e0 Comtesse de suivre mes progr\u00e8s \u00e0 distance. Ces s\u00e9ances d\u00e9bouchaient parfois sur des orgasmes de r\u00e9compenses, Comtesse \u00e9tait impatiente et me rappelait de n\u2019oublier aucun entra\u00eenement, mais ce, toujours avec bienveillance. Et puis un soir, les efforts port\u00e8rent leur fruit. Je gobais enti\u00e8rement la b\u00eate, ma respiration coup\u00e9e, je savourais la sensation de remplissage extr\u00eamement intense. Et c\u2019est avec les mains tremblantes que j\u2019envoyais une photo \u00e0 Comtesse, avec la l\u00e9gende suivante :<\/p>\n<p dir=\"ltr\" style=\"line-height: 2.16; text-align: center; margin-top: 0pt; margin-bottom: 15pt;\">\u00ab Je suis pr\u00eat \u00bb.<\/p>\n<p dir=\"ltr\" style=\"line-height: 2.16; margin-top: 0pt; margin-bottom: 15pt;\">Week-end de luxure en pr\u00e9vision, j\u2019arrivais avec de l\u2019avance dans son antre. Nous pr\u00e9parions ensemble l\u2019autel de cette perversion. Lubrifiant, encens, poubelles, lingettes le tout positionn\u00e9 non loin du lit qui accueillera notre future exp\u00e9rience. Apr\u00e8s un lavement consciencieux, j\u2019aidais Comtesse \u00e0 r\u00e9gler le harnais de support de la b\u00eate, aussi excit\u00e9 qu\u2019impatient de lui montrer mes progr\u00e8s. Satisfaite, elle admira le poids du plug, et jeta un \u0153il dans le miroir, elle exprima sa joie avec un magnifique sourire dont elle seule a le secret. Elle adorait le rendu, et c\u2019est avec curiosit\u00e9 que je la vis s\u2019asseoir sur le lit.<\/p>\n<p dir=\"ltr\" style=\"line-height: 2.16; text-align: center; margin-top: 0pt; margin-bottom: 15pt;\">\u00ab Tu ne d\u00e9sires pas que je te lubrifies ?<\/p>\n<p dir=\"ltr\" style=\"line-height: 2.16; text-align: center; margin-top: 0pt; margin-bottom: 15pt;\">\u2013 Non pas tout de suite\u00a0<\/p>\n<p dir=\"ltr\" style=\"line-height: 2.16; text-align: center; margin-top: 0pt; margin-bottom: 15pt;\">\u2013 Ah ?<\/p>\n<p dir=\"ltr\" style=\"line-height: 2.16; text-align: center; margin-top: 0pt; margin-bottom: 15pt;\">-D\u2019abord tu va le prendre dans ta bouche \u00bb<\/p>\n<p dir=\"ltr\" style=\"line-height: 2.16; margin-top: 0pt; margin-bottom: 15pt;\">Je rougissais face \u00e0 sa demande, et m\u2019agenouillai avec docilit\u00e9 \u00e0 ses pieds. Je commen\u00e7ais par de timides coups de langue, avant de le l\u00e9cher plus franchement. Une fois en confiance je gobais le mastodonte avec plaisir. Un tiers suffisait \u00e0 remplir enti\u00e8rement ma bouche, et je n\u2019osais pas trop pousser.<\/p>\n<p dir=\"ltr\" style=\"line-height: 2.16; margin-top: 0pt; margin-bottom: 15pt;\">Comtesse prit d\u00e9licatement ma t\u00eate pour m\u2019encourager \u00e0 aller plus en avant, et le r\u00e9flexe de d\u00e9glutition me surprit.<\/p>\n<p dir=\"ltr\" style=\"line-height: 2.16; margin-top: 0pt; margin-bottom: 15pt;\">Des petites larmes et un r\u00e2le de d\u00e9glutition, me firent reculer prestement.<\/p>\n<p dir=\"ltr\" style=\"line-height: 2.16; text-align: center; margin-top: 0pt; margin-bottom: 15pt;\">\u00ab On a encore le temps de progresser pour \u00e7a, c\u2019est pas trop mal pour une premi\u00e8re \u00bb<\/p>\n<p dir=\"ltr\" style=\"line-height: 2.16; margin-top: 0pt; margin-bottom: 15pt;\">J\u2019acquies\u00e7ais, et plein de bonne volont\u00e9 je r\u00e9it\u00e9rais l\u2019exp\u00e9rience. Au bout de trois ou quatre r\u00e9flexes de d\u00e9glutition je m\u2019avouais vaincu, tandis que Comtesse me caressait la t\u00eate.<\/p>\n<p dir=\"ltr\" style=\"line-height: 2.16; text-align: center; margin-top: 0pt; margin-bottom: 15pt;\">\u00ab Tu peux le lubrifier maintenant \u00bb<\/p>\n<p dir=\"ltr\" style=\"line-height: 2.16; margin-top: 0pt; margin-bottom: 15pt;\">Je pris le temps de l\u2019enduire g\u00e9n\u00e9reusement de sa pointe \u00e0 la base, et de me positionner contre le lit, bien cambr\u00e9 comme elle aime. Tandis qu\u2019 elle se positionne doucement derri\u00e8re moi avec douceur. Un crachat vint humidifier mes fesses, je souris en repensant \u00e0 la premi\u00e8re fois qu\u2019elle cracha sur ma cavit\u00e9. J\u2019\u00e9tais totalement outr\u00e9, mais d\u00e9sormais j\u2019y prenais beaucoup de plaisir.<\/p>\n<p dir=\"ltr\" style=\"line-height: 2.16; margin-top: 0pt; margin-bottom: 15pt;\">Je me concentrais sur les sensations en fermant les yeux. Le doux plaid caressant ma joue, la sensation du strap entrant d\u00e9licatement dans mes fesses, suivie de lents va et viens augmentant ma dilatation. Je g\u00e9missais tout doucement tandis, qu\u2019elle me caressait la t\u00eate. La moiti\u00e9 vint rapidement, mais elle continua patiemment jusqu\u2019\u00e0 le voir dispara\u00eetre en moi. Une exclamation de joie me confirma qu\u2019il \u00e9tait entr\u00e9 tout entier.<\/p>\n<p dir=\"ltr\" style=\"line-height: 2.16; text-align: center; margin-top: 0pt; margin-bottom: 15pt;\">\u00ab Bravo, j\u2019ai une id\u00e9e ! Quand je te fais l\u2019honneur de te remplir enti\u00e8rement, il faudra que tu me remercies dor\u00e9navant<\/p>\n<p dir=\"ltr\" style=\"line-height: 2.16; text-align: center; margin-top: 0pt; margin-bottom: 15pt;\">\u00ab Merci Comtesse, dis-je le souffle court \u00bb<\/p>\n<p dir=\"ltr\" style=\"line-height: 2.16; margin-top: 0pt; margin-bottom: 15pt;\">Tous mes muscles fessiers sont contract\u00e9s autour de cette tour sombre, je savoure sa sensation jusqu\u2019\u00e0 mes fondements et \u00e9touffe mes g\u00e9missements de plaisir dans le plaid.<\/p>\n<p dir=\"ltr\" style=\"line-height: 2.16; margin-top: 0pt; margin-bottom: 15pt;\">Une main vient agripper et relever mes cheveux.<\/p>\n<p dir=\"ltr\" style=\"line-height: 2.16; text-align: center; margin-top: 0pt; margin-bottom: 15pt;\">\u00ab On n\u2019est pas chez toi, je veux t\u2019entendre crier, n\u2019\u00e9touffe pas tes g\u00e9missements et cambre-toi ordonna t\u2019elle fermement \u00bb<\/p>\n<p dir=\"ltr\" style=\"line-height: 2.16; margin-top: 0pt; margin-bottom: 15pt;\">En me cambrant, je sens qu\u2019il atteint la limite de mon fondement et je crie de plaisir, elle acc\u00e9l\u00e8re encourag\u00e9e par mes r\u00e9actions et commence \u00e0 me pilonner plus avidement. Elle ne rel\u00e2che mes cheveux que lorsqu\u2019elle juge que ma g\u00eane vocale s\u2019est estomp\u00e9e, totalement d\u00e9pass\u00e9e par les sensations de plaisir qui parcourent mon corps.<\/p>\n<p dir=\"ltr\" style=\"line-height: 2.16; margin-top: 0pt; margin-bottom: 15pt;\">Je bave et pousse des g\u00e9missements r\u00eaches tandis qu\u2019elle s\u2019amuse \u00e0 le retirer doucement, pour l\u2019enfoncer avec force ensuite. Je suis moi-m\u00eame surpris par mes onomatop\u00e9es inhabituelles, bien loin des g\u00e9missements mignons que je pousse d\u2019habitude.<\/p>\n<p dir=\"ltr\" style=\"line-height: 2.16; margin-top: 0pt; margin-bottom: 15pt;\">Je perds toute contenance mais essaye de tenir un maximum, submerg\u00e9 par le plaisir je lui demande si je peux me toucher.<\/p>\n<p dir=\"ltr\" style=\"line-height: 2.16; text-align: center; margin-top: 0pt; margin-bottom: 15pt;\">\u00ab Je t\u2019en prie Comtesse c\u2019est trop intense\u2026<\/p>\n<p dir=\"ltr\" style=\"line-height: 2.16; text-align: center; margin-top: 0pt; margin-bottom: 15pt;\">\u2013 D\u2019abord doucement, tu n\u2019acc\u00e9l\u00e8res que quand je t\u2019y autorise c\u2019est compris ?<\/p>\n<p dir=\"ltr\" style=\"line-height: 2.16; text-align: center; margin-top: 0pt; margin-bottom: 15pt;\">\u00a0-Oui\u2026 Comtesse\u2026 \u00bb<\/p>\n<p dir=\"ltr\" style=\"line-height: 2.16; margin-top: 0pt; margin-bottom: 15pt;\">Ma main me fait l\u2019effet d\u2019un instrument de torture, chaque parcelle de mon corps me demande de me branler furieusement et mes g\u00e9missements ne sont plus que des r\u00e2les incompr\u00e9hensibles et d\u00e9sordonn\u00e9s. Je saisis doucement la main de Comtesse pour la l\u00e9cher, cherchant du r\u00e9confort dans mon \u00e9preuve. Sa main douce s\u2019appuie contre ma bouche, m\u2019autorisant \u00e0 la baigner de ma salive, ce qui m\u2019aide beaucoup \u00e0 me canaliser.<\/p>\n<p dir=\"ltr\" style=\"line-height: 2.16; margin-top: 0pt; margin-bottom: 15pt;\">Comtesse s\u2019amuse beaucoup de la situation et met \u00e0 l\u2019\u00e9preuve ma r\u00e9sistance en me chevauchant plus violemment. Mes jambes commencent \u00e0 trembler, je m\u2019enroule autour des cuisses de Comtesse en demandant si je peux acc\u00e9l\u00e9rer tout en l\u00e9chant sa main.<\/p>\n<p dir=\"ltr\" style=\"line-height: 2.16; margin-top: 0pt; margin-bottom: 15pt;\">Elle essuie le surplus de salive sur mon visage tout en me r\u00e9pondant.<\/p>\n<p dir=\"ltr\" style=\"line-height: 2.16; text-align: center; margin-top: 0pt; margin-bottom: 15pt;\">\u00ab Tu peux \u00bb<\/p>\n<p dir=\"ltr\" style=\"line-height: 2.16; margin-top: 0pt; margin-bottom: 15pt;\">Je ne me fais pas prier, et acc\u00e9l\u00e8re comme si ma vie en d\u00e9pendait, mes jambes tremblent de fa\u00e7on incontr\u00f4lable. Je g\u00e9mis moins fort trop concentr\u00e9, mais Comtesse le remarque et commence de nouveau \u00e0 acc\u00e9l\u00e9rer.<\/p>\n<p dir=\"ltr\" style=\"line-height: 2.16; margin-top: 0pt; margin-bottom: 15pt;\">Le plaisir monte si vite que j\u2019en perds contenance.<\/p>\n<p dir=\"ltr\" style=\"line-height: 2.16; text-align: center; margin-top: 0pt; margin-bottom: 15pt;\">\u00ab Piti\u00e9\u2026 Je \u2026 Je jouis, je jouis, je jouis\u2026 \u00bb<\/p>\n<p dir=\"ltr\" style=\"line-height: 2.16; margin-top: 0pt; margin-bottom: 15pt;\">L\u2019orgasme monte et mon anus se contracte violemment autour du plug. Je continue \u00e0 balbutier.<\/p>\n<p dir=\"ltr\" style=\"line-height: 2.16; text-align: center; margin-top: 0pt; margin-bottom: 15pt;\">\u00ab Je jouis, je jouis, je jouis ! d\u2019une voix sura\u00efgue.<\/p>\n<p dir=\"ltr\" style=\"line-height: 2.16; margin-top: 0pt; margin-bottom: 15pt;\">Le sperme s\u2019\u00e9jecte avec force tandis que mes jambes se crispent, les yeux ferm\u00e9s, je suis incapable de parler tout de suite. Savourant le train d\u2019endorphine \u00e0 l\u2019assaut de mon cerveau. Comtesse est silencieuse, toujours en moi. Elle patiente quelques minutes avant de se retirer doucement. Mes jambes sont t\u00e9tanis\u00e9es autour des siennes, et elle doit les repousser avec d\u00e9licatesse.<\/p>\n<p dir=\"ltr\" style=\"line-height: 2.16; text-align: center; margin-top: 0pt; margin-bottom: 15pt;\">\u00ab Hum, c\u2019\u00e9tait un orgasme tr\u00e8s fort. Tu es mignon quand tu parles en jouissant. C\u2019est la premi\u00e8re fois que tu le fais dit-elle en nettoyant sa verge sombre.<\/p>\n<p dir=\"ltr\" style=\"line-height: 2.16; margin-top: 0pt; margin-bottom: 15pt;\">Mais il va falloir nettoyer le sol, tu en as mis partout\u2026 \u00bb<\/p>\n<p dir=\"ltr\" style=\"line-height: 2.16; margin-top: 0pt; margin-bottom: 15pt;\">Une moue d\u00e9pit\u00e9e accueille son ordre, tandis que je m\u2019agenouille pour regarder les longues tra\u00een\u00e9es blanch\u00e2tres, elle s\u2019allonge sur le lit avec une mine amus\u00e9e.<\/p>\n<p>\u00a0<\/p>\n<p dir=\"ltr\" style=\"line-height: 2.16; text-align: center; margin-top: 0pt; margin-bottom: 15pt;\">\u00ab Allez c\u2019est l\u2019heure du go\u00fbter \u00bb<\/p>\n","protected":false},"excerpt":{"rendered":"<p>J\u2019ai tr\u00e8s longtemps fantasm\u00e9 sur le pegging, ou de son nom anglais, chevillage. Cela a commenc\u00e9 par quelques photos diss\u00e9min\u00e9es dans mes dossiers masturbatoires. C\u2019est une pratique \u00e0 la fois omnipr\u00e9sente et invisible. Vivace dans l\u2019esprit de ses d\u00e9tracteurs, un simple doigt s\u2019aventurant dans les contr\u00e9es interdites pourrait remettre en question une identit\u00e9 virile. Et [&hellip;]<\/p>\n","protected":false},"author":1,"featured_media":0,"parent":0,"menu_order":0,"comment_status":"closed","ping_status":"closed","template":"","meta":{"footnotes":""},"class_list":["post-90","page","type-page","status-publish","hentry"],"aioseo_notices":[],"_links":{"self":[{"href":"https:\/\/sunblogbdsm.fr\/index.php?rest_route=\/wp\/v2\/pages\/90"}],"collection":[{"href":"https:\/\/sunblogbdsm.fr\/index.php?rest_route=\/wp\/v2\/pages"}],"about":[{"href":"https:\/\/sunblogbdsm.fr\/index.php?rest_route=\/wp\/v2\/types\/page"}],"author":[{"embeddable":true,"href":"https:\/\/sunblogbdsm.fr\/index.php?rest_route=\/wp\/v2\/users\/1"}],"replies":[{"embeddable":true,"href":"https:\/\/sunblogbdsm.fr\/index.php?rest_route=%2Fwp%2Fv2%2Fcomments&post=90"}],"version-history":[{"count":7,"href":"https:\/\/sunblogbdsm.fr\/index.php?rest_route=\/wp\/v2\/pages\/90\/revisions"}],"predecessor-version":[{"id":98,"href":"https:\/\/sunblogbdsm.fr\/index.php?rest_route=\/wp\/v2\/pages\/90\/revisions\/98"}],"wp:attachment":[{"href":"https:\/\/sunblogbdsm.fr\/index.php?rest_route=%2Fwp%2Fv2%2Fmedia&parent=90"}],"curies":[{"name":"wp","href":"https:\/\/api.w.org\/{rel}","templated":true}]}}