{"id":81,"date":"2023-06-04T16:55:07","date_gmt":"2023-06-04T14:55:07","guid":{"rendered":"https:\/\/sunblogbdsm.fr\/?page_id=81"},"modified":"2023-06-04T16:56:30","modified_gmt":"2023-06-04T14:56:30","slug":"serpillere","status":"publish","type":"page","link":"https:\/\/sunblogbdsm.fr\/?page_id=81","title":{"rendered":"Serpill\u00e8re"},"content":{"rendered":"<p><b style=\"font-weight: normal;\">\u00a0<\/b>J\u2019ai souvent abord\u00e9 dans des conversations le fait que je n\u2019aimais pas \u00ab\u00a0bratter\u00a0\u00bb, je n\u2019ai cependant\u00a0aucun griefs\u00a0contre les soumis et soumises appr\u00e9ciant un fonctionnement sous l\u2019\u00e9gide de la provocation.\u00a0C\u2019est juste qu\u2019il ne me convient pas et que je n\u2019en ressens pas le besoin.\u00a0Un Ma\u00eetre ou une Ma\u00eetresse appr\u00e9ciant\u00a0devoir\u00a0recadrer\u00a0des insolences r\u00e9currentes s\u2019ennuierait probablement avec moi.\u00a0Mais ce n\u2019est pas parce que je n\u2019appr\u00e9cie ce mode de fonctionnement ou d\u2019\u00e9change qu\u2019il ne m\u2019arrive pas de sortir l\u00e9g\u00e8rement\u00a0du\u00a0cadre parfois.<\/p>\n<p dir=\"ltr\" style=\"line-height: 2.16; margin-top: 0pt; margin-bottom: 15pt;\">Je me souviens notamment d\u2019une s\u00e9ance m\u00e9morable avec Comtesse.\u00a0Apr\u00e8s deux jours de chastet\u00e9, et une journ\u00e9e bien remplie, elle d\u00e9cida d\u2019abr\u00e9ger mon tourment en m\u2019autorisant \u00e0 jouir sous ses conditions.\u00a0Je me pla\u00e7ais \u00e0 genoux \u00e0 m\u00eame le sol tandis qu\u2019elle se pr\u00e9lassait sur son lit ne manquant pas une miette du spectacle.\u00a0Elle appr\u00e9ciait\u00a0chaque seconde\u00a0de ma frustration, et aimait me plonger dans un \u00e9tat second ou obs\u00e9d\u00e9 par l\u2019envie de jouir, je me laissais aller \u00e0 des comportements plus animaux.<\/p>\n<p dir=\"ltr\" style=\"line-height: 2.16; margin-top: 0pt; margin-bottom: 15pt;\">Paradant dans l\u2019une de mes nouvelles tenues, je savourais le contact des bas sur mes jambes et ma taille enserr\u00e9e par un demi-corset.\u00a0Chaque respiration lourde, serrait mon ventre et renfor\u00e7ait mon excitation d\u00e9j\u00e0 \u00e0 la limite du supportable.\u00a0Un b\u00e2illon boule accumulait des volutes de baves \u00e0 m\u00eame le sol.\u00a0Des filets de plaisirs se dessinaient sur mes pectoraux et mon corps, bien qu\u2019au\u00a0d\u00e9but je\u00a0tentais de restreindre l\u2019afflux de salive, apr\u00e8s quelques\u00a0va et vient je\u00a0n\u2019avais plus honte des bruits de sifflement du b\u00e2illon, seulement perturb\u00e9s par des \u00ab\u00a0splotch\u00a0\u00bb disgracieux s\u2019\u00e9crasant en pluie fine sur mon corps, mes genoux, et le sol.\u00a0Je savais que Comtesse appr\u00e9ciait particuli\u00e8rement les jets de\u00a0salives, et elle m\u2019autorisa enfin \u00e0 acc\u00e9l\u00e9rer la cadence\u00a0quand elle f\u00fbt satisfaite de la quantit\u00e9 de liquide proportionnelle \u00e0 l\u2019\u00e9vaporation de mes derni\u00e8res r\u00e9sistances.\u00a0Je n\u2019\u00e9coutais pas mes genoux douloureux, ni m\u00eame les pinces munies de\u00a0picots ravageant\u00a0mes t\u00e9tons, noy\u00e9s dans une vague de plaisir, je les sentais \u00e0 peine.\u00a0La cha\u00eene reliant les pinces si douloureuses rebondissait avec h\u00e2te contre ma poitrine saillante.\u00a0Je veillais \u00e0 rester bien cambr\u00e9 comme Comtesse l\u2019appr\u00e9ciait, j\u2019avais bien trop peur qu\u2019elle puisse retarder ma jouissance pour une broutille, et n\u2019allait pas lui fournir un motif volontairement.<\/p>\n<p dir=\"ltr\" style=\"line-height: 2.16; margin-top: 0pt; margin-bottom: 15pt;\">Je la regardais avec un regard fi\u00e9vreux, allong\u00e9e confortablement elle commentait la sc\u00e8ne<\/p>\n<p dir=\"ltr\" style=\"line-height: 2.16; text-align: center; margin-top: 0pt; margin-bottom: 15pt;\">\u00ab\u00a0On dirait presque un tableau\u00a0\u00bb.<\/p>\n<p dir=\"ltr\" style=\"line-height: 2.16; margin-top: 0pt; margin-bottom: 15pt;\">Comtesse\u00a0s\u2019amusait avec la t\u00e9l\u00e9commande du\u00a0Nyx, transformant ce puissant masseur prostatique en un outil de torture, il me permettait de jouir en quelques minutes, mais dans ses mains cela pouvait durer une \u00e9ternit\u00e9.\u00a0Elle trouvait toujours le moyen de changer la fr\u00e9quence, ou de l\u2019\u00e9teindre au bon moment.<\/p>\n<p dir=\"ltr\" style=\"line-height: 2.16; margin-top: 0pt; margin-bottom: 15pt;\">Soudain je\u00a0ne sais pas\u00a0pourquoi mais\u00a0l\u2019envie me\u00a0prit\u00a0d\u2019\u00e9changer avec elle, je ne pouvais pas parler, mais je redressais mon buste fi\u00e8rement, toujours extr\u00eamement concentr\u00e9 sur mon plaisir, arrachant des\u00a0va et vient\u00a0furieux.\u00a0Je soutins son regard avec force et me dressais de tout mon long, plus cambr\u00e9, mais le plus droit possible.\u00a0Sa r\u00e9ponse fut presque imm\u00e9diate, elle se leva avec un sourire, agrippa mes cheveux d\u2019une main ferme et me plaqua la t\u00eate sur le sol dans l\u2019accumulation de ma propre salive.\u00a0Le contact de la salive froide et collante me refroidit l\u00e9g\u00e8rement.\u00a0Le contact rugueux de la semelle de sa doc\u00a0martens\u00a0\u00e9crasait sans piti\u00e9 mon autre joue, et j\u2019\u00e9tais pass\u00e9 rapidement d\u2019une situation \u00e0 peu pr\u00e8s confortable \u00e0 une reddition mentale.<\/p>\n<p dir=\"ltr\" style=\"line-height: 2.16; text-align: center; margin-top: 0pt; margin-bottom: 15pt;\">\u00ab\u00a0Alors on fait toujours le fier\u00a0?\u00a0\u00bb<\/p>\n<p dir=\"ltr\" style=\"line-height: 2.16; margin-top: 0pt; margin-bottom: 15pt;\">Loin d\u2019\u00eatre \u00e9nerv\u00e9e Comtesse semblait avoir appr\u00e9ci\u00e9 cette r\u00e9sistance futile.\u00a0Et ce n\u2019est qu\u2019apr\u00e8s avoir\u00a0maintenu mon visage de longues secondes qu\u2019elle me permit de me redresser.\u00a0Elle m\u2019encouragea \u00e0 continuer mon \u0153uvre lubrique et \u00e0 savourer le contact de ma chaussure, tout en m\u2019astiquant.\u00a0Elle me redressa, quand elle\u00a0f\u00fbt\u00a0lass\u00e9e, non sans avoir ramass\u00e9 un bon paquet de salive qu\u2019elle essuya sur mon visage via le revers de sa main.\u00a0<\/p>\n<p dir=\"ltr\" style=\"line-height: 2.16; text-align: center; margin-top: 0pt; margin-bottom: 15pt;\">\u00ab\u00a0Tu en as mis partout\u00a0\u00bb commenta-t-elle avec un sourire.<\/p>\n<p dir=\"ltr\" style=\"line-height: 2.16; margin-top: 0pt; margin-bottom: 15pt;\">Le contact de sa chaussure, et le retour \u00e0 une position \u00e0 genoux plus confortable, me permit de jouir plus facilement et je tremblais en \u00e9jectant de longues tra\u00een\u00e9es blanches sur le sol d\u00e9j\u00e0 macul\u00e9 de ma salive.\u00a0Je suppliais du regard Comtesse, qui m\u2019autorisa \u00e0 enlever le b\u00e2illon et les pinces, que le drop de plaisir ne me permettait plus de supporter.\u00a0Mentalement je\u00a0commen\u00e7ais \u00e0 \u00eatre d\u00e9pit\u00e9 en voyant l\u2019amas gluant de sperme et salive que j\u2019allais probablement devoir nettoyer avec ma langue.\u00a0Mais \u00e0 peine avais-je pens\u00e9 \u00e0 \u00e7a que Comtesse se leva \u00e0 nouveau agrippa fermement mes cheveux qu\u2019elle appliqua comme une serpilli\u00e8re sur le sol.\u00a0J\u2019\u00e9tais paralys\u00e9 et outr\u00e9, et je la laissais faire muet, tandis qu\u2019elle disposait le fruit d\u00e9fendu sur ma belle chevelure.\u00a0J\u2019\u00e9tais profond\u00e9ment vex\u00e9 dans mon\u00a0\u00e9go\u00a0et paralys\u00e9 par sa poigne, elle redressa mon visage et finit de nettoyer le sol encore une fois avec sa main.\u00a0Elle \u00e9talait sur mon visage le sperme et la salive m\u00e9lang\u00e9e.\u00a0Je sentais le sperme se solidifier et son odeur obsc\u00e8ne envahir mes narines.\u00a0Je n\u2019avais pas prononc\u00e9 un mot et devais probablement faire inconsciemment un regard implorant.<\/p>\n<p dir=\"ltr\" style=\"line-height: 2.16; text-align: center; margin-top: 0pt; margin-bottom: 15pt;\">\u00ab\u00a0Vooooaaaallaaa\u00a0et\u00a0c\u2019est\u00a0tout nettoy\u00e9\u00a0\u00bb commenta Comtesse avec un sourire sadique, tandis qu\u2019elle essuyait la derni\u00e8re trace de semence sur mon front.<\/p>\n<p dir=\"ltr\" style=\"line-height: 2.16; text-align: center; margin-top: 0pt; margin-bottom: 15pt;\">\u00ab\u00a0Tu es content\u00a0?\u00a0Pour une\u00a0fois que\u00a0tu n\u2019as\u00a0pas \u00e0 l\u00e9cher\u00a0<\/p>\n<p dir=\"ltr\" style=\"line-height: 2.16; text-align: center; margin-top: 0pt; margin-bottom: 15pt;\">\u2013\u00a0Merci Comtesse\u00a0dis-je sans le penser une seule seconde\u00a0\u00bb<\/p>\n<p>\u00a0<\/p>\n<p dir=\"ltr\" style=\"line-height: 2.16; margin-top: 0pt; margin-bottom: 15pt;\">Boudeur et encore\u00a0vex\u00e9 je\u00a0communiquais les vingt prochaines minutes via des \u00ab\u00a0pppprfff\u00a0\u00bb enfantins tout en prenant ma douche, tandis que Comtesse rigolait encore ravie de son geste.<\/p>\n<p>\u00a0<\/p>\n","protected":false},"excerpt":{"rendered":"<p>\u00a0J\u2019ai souvent abord\u00e9 dans des conversations le fait que je n\u2019aimais pas \u00ab\u00a0bratter\u00a0\u00bb, je n\u2019ai cependant\u00a0aucun griefs\u00a0contre les soumis et soumises appr\u00e9ciant un fonctionnement sous l\u2019\u00e9gide de la provocation.\u00a0C\u2019est juste qu\u2019il ne me convient pas et que je n\u2019en ressens pas le besoin.\u00a0Un Ma\u00eetre ou une Ma\u00eetresse appr\u00e9ciant\u00a0devoir\u00a0recadrer\u00a0des insolences r\u00e9currentes s\u2019ennuierait probablement avec moi.\u00a0Mais ce [&hellip;]<\/p>\n","protected":false},"author":1,"featured_media":0,"parent":0,"menu_order":0,"comment_status":"closed","ping_status":"closed","template":"","meta":{"footnotes":""},"class_list":["post-81","page","type-page","status-publish","hentry"],"aioseo_notices":[],"_links":{"self":[{"href":"https:\/\/sunblogbdsm.fr\/index.php?rest_route=\/wp\/v2\/pages\/81"}],"collection":[{"href":"https:\/\/sunblogbdsm.fr\/index.php?rest_route=\/wp\/v2\/pages"}],"about":[{"href":"https:\/\/sunblogbdsm.fr\/index.php?rest_route=\/wp\/v2\/types\/page"}],"author":[{"embeddable":true,"href":"https:\/\/sunblogbdsm.fr\/index.php?rest_route=\/wp\/v2\/users\/1"}],"replies":[{"embeddable":true,"href":"https:\/\/sunblogbdsm.fr\/index.php?rest_route=%2Fwp%2Fv2%2Fcomments&post=81"}],"version-history":[{"count":7,"href":"https:\/\/sunblogbdsm.fr\/index.php?rest_route=\/wp\/v2\/pages\/81\/revisions"}],"predecessor-version":[{"id":89,"href":"https:\/\/sunblogbdsm.fr\/index.php?rest_route=\/wp\/v2\/pages\/81\/revisions\/89"}],"wp:attachment":[{"href":"https:\/\/sunblogbdsm.fr\/index.php?rest_route=%2Fwp%2Fv2%2Fmedia&parent=81"}],"curies":[{"name":"wp","href":"https:\/\/api.w.org\/{rel}","templated":true}]}}