{"id":322,"date":"2025-09-18T20:41:58","date_gmt":"2025-09-18T18:41:58","guid":{"rendered":"https:\/\/sunblogbdsm.fr\/?page_id=322"},"modified":"2025-09-18T20:55:55","modified_gmt":"2025-09-18T18:55:55","slug":"la-mer-de-nuage","status":"publish","type":"page","link":"https:\/\/sunblogbdsm.fr\/?page_id=322","title":{"rendered":"La mer de nuages"},"content":{"rendered":"\n<p>Le confort dans l\u2019inconfort, le bras gauche tendu et pli\u00e9 tel une aile qui ne s\u2019\u00e9lancera plus jamais dans le ciel. La morsure des cordes sur le poignet droit est plus forte, elle provoque une g\u00eane rapide mais pas dangereuse.<\/p>\n\n\n\n<p>Ne pas partir trop vite, ne pas laisser les cordes m\u2019emmener vers les nuages. La premi\u00e8re boucle sur mon \u00e9paule envoie une d\u00e9charge de satisfaction, \u00e7a ne fait pourtant que commencer. Je crois que ce que je pr\u00e9f\u00e8re, c\u2019est les tours des cordes sur le torse et le ventre, comme un corset ou un cocon chaud. J\u2019ai d\u00e9j\u00e0 envie de me d\u00e9connecter au bout de quelques minutes, \u00e7a serait si facile, \u00e7a m\u2019apaise toujours. Je combats int\u00e9rieurement ma surexcitation, c\u2019est comme go\u00fbter un vin apr\u00e8s des mois d\u2019abstinence, ne pas tout lui d\u00e9voiler, garder des cartes dans la pioche. Les cordes au bas du cou c\u2019est d\u00e9licieux, ce danger ma\u00eetris\u00e9, je n\u2019ai pas eu l\u2019occasion de go\u00fbter \u00e7a avant, j\u2019adore.<\/p>\n\n\n\n<p>Elle a ce regard pensif, cette r\u00e9flexion pour la suite, j\u2019ai parfois du mal \u00e0 soutenir son regard, l\u00e0 c\u2019est facile elle est concentr\u00e9e ailleurs. Elle me d\u00e9place ais\u00e9ment sur le sol, en agrippant toutes les cordes qui se resserrent sans piti\u00e9. Le plaid est doux, la t\u00eate affal\u00e9e sur le coussin, je ferme les yeux, inutile de les garder ouverts. Les contre-tensions dans les jambes sont rapides, le rythme aussi, l\u2019enveloppement est complet.<\/p>\n\n\n\n<p>Elle me chatouille les pieds, c\u2019est fourbe, je m\u2019\u00e9touffe en tirant trop violemment. Je tire sur toutes les cordes avec force, rien ne bouge, les voyants de mon cerveau s\u2019allument tous, jackpot. Je suis chatouilleux, elle continue, explore d\u2019autres zones, je commente bon enfant mais la v\u00e9rit\u00e9 c\u2019est que j\u2019ai tellement tir\u00e9 sur les cordes que mes jambes fatiguent. Elle aurait peut-\u00eatre pris un coup malgr\u00e9 moi si elle n\u2019avait pas si bien reli\u00e9 tout le cocon.<\/p>\n\n\n\n<p>Continuer les check, garder la concentration, r\u00e9pondre \u00e0 ses questions, \u00e9couter sa voix, les contr\u00e9es viendront apr\u00e8s.<\/p>\n\n\n\n<p>La morsure est vive, les pieds se tendent. C\u2019est parfait, je n\u2019avais jamais fait d\u2019impact attach\u00e9, je suis oblig\u00e9 de d\u00e9tendre totalement le corps au risque d\u2019accentuer les tensions dans mes jambes et de me fatiguer inutilement en bougeant. D\u2019abord l\u2019air qui se fend, ensuite la ligne rouge. Elle appuie plus fort mais se limite, je le sens, je grogne ou g\u00e9mis si les coups mettent trop de temps \u00e0 se dissiper. Je me suis coup\u00e9 la respiration deux fois depuis qu\u2019elle a commenc\u00e9.<\/p>\n\n\n\n<p>Une pause, une question.<\/p>\n\n\n\n<p>\u00ab Tu pr\u00e9f\u00e8res les chatouilles ou le fouet ?&nbsp;<\/p>\n\n\n\n<p>R\u00e9pondre vite, ne pas trop h\u00e9siter.<\/p>\n\n\n\n<p>&#8211; Les chatouilles ! \u00bb<\/p>\n\n\n\n<p>Elle reprend, je tends tout le corps de protestation, mes jambes se raidissent douloureusement, tant pis, supplier pour ralentir, sinon je vais craquer.<\/p>\n\n\n\n<p>Elle passe au-dessus, tend la corde du cou. Elle commente, me dit que \u00e7a va faire du bien, je pars plus loin. Elle a raison, elle s\u2019arr\u00eate, j\u2019en voudrais plus mais je sais que \u00e7a serait trop, je ne sais pas si elle le sent mais elle passe \u00e0 autre chose.<\/p>\n\n\n\n<p>Le tapotement est agr\u00e9able au d\u00e9but, puis m\u2019irrite, toujours le m\u00eame rythme l\u00e9g\u00e8rement en dessous des c\u00f4tes. Je l\u2019accepte mais il me fait perdre la notion du temps, je ne sais pas si \u00e7a fait 20 secondes ou 3 minutes. Des \u00e9querres dor\u00e9es arrivent dans mon cr\u00e2ne, elles s\u2019\u00e9chappent de ma caboche. C\u2019est agr\u00e9able une fois qu\u2019elles partent mais elles traversent avec une mauvaise sensation, comme ce putain de bruit de scratch. Je n\u2019arrive pas \u00e0 trancher, c\u2019est bien ou mauvais ? Je l\u2019ai oubli\u00e9e, les \u00e9querres continuent, je sens le tunnel arriver, le lui dire sinon c\u2019est partir. C\u2019est comme un train \u00e0 grande vitesse qui va te happer dans un courant d\u2019air, c\u2019est terrifiant, mais il arrive plus lentement. Je vais pour ouvrir les l\u00e8vres, elle me dit.<\/p>\n\n\n\n<p>\u00ab On va te d\u00e9tacher \u00bb<\/p>\n\n\n\n<p>C\u2019est parfait, pas besoin d\u2019expliquer, juste d\u2019accepter et de rassurer mon petit cerveau. Il d\u00e9teste quand on enl\u00e8ve les cordes, comme quitter un lit un matin d\u2019hiver. Deux doigts de ma main droite sont engourdis mais elle va bien, elle a v\u00e9rifi\u00e9, je m\u2019autorise sur les derniers instants \u00e0 l\u2019oublier.<\/p>\n\n\n\n<p>Je crash mais pas de tunnel, juste le contact du sol, les cordes et mon corps. Elle les enl\u00e8ve lentement, c\u2019est parfait. Je sens une chaleur, mon corps se crispe et se calme alors qu\u2019elle m\u2019agrippe les mains, je d\u00e9connecte plus loin, une fois la surprise estomp\u00e9e. Je crois qu\u2019elle a pos\u00e9 un instant sa t\u00eate sur mon dos. Plus de dialogue interne, le silence, le cocon, je suis bien, c\u2019est addictif, la mer des nuages est l\u00e0, elle m\u2019emporte avec douceur, je m\u2019envole.<\/p>\n","protected":false},"excerpt":{"rendered":"<p>Le confort dans l\u2019inconfort, le bras gauche tendu et pli\u00e9 tel une aile qui ne s\u2019\u00e9lancera plus jamais dans le ciel. La morsure des cordes sur le poignet droit est plus forte, elle provoque une g\u00eane rapide mais pas dangereuse. Ne pas partir trop vite, ne pas laisser les cordes m\u2019emmener vers les nuages. La [&hellip;]<\/p>\n","protected":false},"author":1,"featured_media":0,"parent":0,"menu_order":0,"comment_status":"closed","ping_status":"closed","template":"","meta":{"footnotes":""},"class_list":["post-322","page","type-page","status-publish","hentry"],"aioseo_notices":[],"_links":{"self":[{"href":"https:\/\/sunblogbdsm.fr\/index.php?rest_route=\/wp\/v2\/pages\/322"}],"collection":[{"href":"https:\/\/sunblogbdsm.fr\/index.php?rest_route=\/wp\/v2\/pages"}],"about":[{"href":"https:\/\/sunblogbdsm.fr\/index.php?rest_route=\/wp\/v2\/types\/page"}],"author":[{"embeddable":true,"href":"https:\/\/sunblogbdsm.fr\/index.php?rest_route=\/wp\/v2\/users\/1"}],"replies":[{"embeddable":true,"href":"https:\/\/sunblogbdsm.fr\/index.php?rest_route=%2Fwp%2Fv2%2Fcomments&post=322"}],"version-history":[{"count":3,"href":"https:\/\/sunblogbdsm.fr\/index.php?rest_route=\/wp\/v2\/pages\/322\/revisions"}],"predecessor-version":[{"id":332,"href":"https:\/\/sunblogbdsm.fr\/index.php?rest_route=\/wp\/v2\/pages\/322\/revisions\/332"}],"wp:attachment":[{"href":"https:\/\/sunblogbdsm.fr\/index.php?rest_route=%2Fwp%2Fv2%2Fmedia&parent=322"}],"curies":[{"name":"wp","href":"https:\/\/api.w.org\/{rel}","templated":true}]}}