{"id":318,"date":"2025-09-18T20:38:10","date_gmt":"2025-09-18T18:38:10","guid":{"rendered":"https:\/\/sunblogbdsm.fr\/?page_id=318"},"modified":"2025-09-18T20:38:11","modified_gmt":"2025-09-18T18:38:11","slug":"appartenance","status":"publish","type":"page","link":"https:\/\/sunblogbdsm.fr\/?page_id=318","title":{"rendered":"Appartenance"},"content":{"rendered":"\n<p>Il avait toujours \u00e9t\u00e9 sensible \u00e0 la m\u00e9ditation, \u00e0 l&#8217;hypnose et \u00e0 tous les jeux de l&#8217;esprit. En proie aux mar\u00e9es de l\u2019\u00e2me, il s&#8217;apaisait dans la contrainte et les ordres, m\u00eame s&#8217;il n&#8217;aimait pas toujours l&#8217;avouer. Il trouvait dans l&#8217;abandon forc\u00e9, dans la r\u00e9signation des cordes, dans la d\u00e9faite arrach\u00e9e un plaisir sans pareil. Tous les voyants de son cerveau s&#8217;allumaient au bruit du cadenas verrouill\u00e9, lorsque ses muscles, tendus au maximum de leurs capacit\u00e9s, n&#8217;avaient pas entam\u00e9 d&#8217;un centim\u00e8tre la morsure des liens. Il acquies\u00e7a avec lenteur lorsqu&#8217;elle d\u00e9balla ses cordes,&nbsp; jamais elle ne lui avait confi\u00e9 un quelconque int\u00e9r\u00eat pour cet art. Elle ne manqua pas la joie f\u00e9roce dans ses prunelles, alors qu&#8217;elle les \u00e9talait l&#8217;air de rien dans le salon. Son cerveau se vida comme une outre perc\u00e9e ; il ne d\u00e9sirait plus que les frottements et l&#8217;\u00e9treinte des liens, impossible de se concentrer face \u00e0 l&#8217;excitation et \u00e0 l&#8217;envie si fortes qu&#8217;elles l&#8217;avaient presque \u00e9ject\u00e9 hors de son \u00eatre, loin des conventions et de la biens\u00e9ance : son masque de soumis calme se fissura d&#8217;avidit\u00e9.<\/p>\n\n\n\n<p>\u00ab Je ne t&#8217;ai jamais vu comme \u00e7a\u2026 enfin, presque. \u00bb Elle plongea deux doigts dans sa bouche qu&#8217;il su\u00e7a sans un instant d&#8217;h\u00e9sitation. Cela le vidait compl\u00e8tement mentalement, une r\u00e9gression forc\u00e9e et d\u00e9sir\u00e9e.<\/p>\n\n\n\n<p>&#8211; Tu es compl\u00e8tement f\u00e9brile\u2026 tu m&#8217;avais dit que tu aimais les cordes alors j&#8217;ai creus\u00e9 et je n&#8217;ai m\u00eame pas commenc\u00e9 que tu es d\u00e9j\u00e0 surexcit\u00e9.<\/p>\n\n\n\n<p>Elle caressa sa joue en continuant \u00e0 jouer avec sa langue.<\/p>\n\n\n\n<p>&#8211; Si je te disais qu&#8217;on arr\u00eatait, tu en pleurerais de frustration. Il ne dit rien, l\u00e9chant les doigts avec panique et d\u00e9votion; il ne voulait pas argumenter, son esprit perdu dans un cocon de plaisir et d&#8217;anticipation, comme si la parole couperait l\u2019instant, tuerait le moment.<\/p>\n\n\n\n<p>Elle prit tout de m\u00eame le temps de d\u00e9nouer ses cordes, de pr\u00e9parer la sc\u00e8ne avant de lui sauter dessus. Elle aimait prendre l\u2019ascendant physique, et elle coin\u00e7a son bras dans une position inconfortable pour faire son premier n\u0153ud. Elle finit par une reverse prayer, plus douce une fois la possibilit\u00e9 d\u2019\u00e9chappatoire \u00e9cart\u00e9e. Elle coin\u00e7a les chevilles dans des \u00e9treintes simples avant de les relier en \u00e9querre sur ses jambes.<\/p>\n\n\n\n<p>\u00ab Et si on officialisait ?<\/p>\n\n\n\n<p>&#8211; Officialisait quoi ?<\/p>\n\n\n\n<p>&#8211; Tu sais, ta d\u00e9votion, ton appartenance, \u00e0 la plus belle cr\u00e9ature sur laquelle tes yeux ont eu la chance de se poser.<\/p>\n\n\n\n<p>&#8211; Hein ?<\/p>\n\n\n\n<p>&#8211; T&#8217;es pas trop mauvais comme carpette, t&#8217;es m\u00eame plut\u00f4t mignon, alors je n\u2019ai pas envie qu\u2019on te vole, tu comprends.<\/p>\n\n\n\n<p>C\u2019\u00e9tait probablement la chose la plus gentille qu\u2019elle ait jamais dite \u00e0 son encontre, le rouge lui monta aux joues.<\/p>\n\n\n\n<p>&#8211; Mais\u2026 on n&#8217;en a pas discut\u00e9 en amont et \u00e7a impliquerait\u2026<\/p>\n\n\n\n<p>&#8211; C\u2019est simple, \u00e7a implique que tu es \u00e0 moi, et que je prends soin de toi \u00e0 ma mani\u00e8re.<\/p>\n\n\n\n<p>Il se tortilla dans les cordes, mal \u00e0 l\u2019aise.<\/p>\n\n\n\n<p>-Oui, bien s\u00fbr.<\/p>\n\n\n\n<p>&#8211; C\u2019est entendu dans ce cas,&nbsp; je sais que tu aimes r\u00e9fl\u00e9chir aux implications, aux devoirs, tu aurais probablement r\u00e9dig\u00e9 un contrat clair et pr\u00e9cis comme tu sais si bien faire, mais \u00e7a serait trop\u2026 toi.<\/p>\n\n\n\n<p>Le silence qui suivit n\u2019\u00e9tait pas inconfortable, mais trahissait une r\u00e9flexion intense.<\/p>\n\n\n\n<p>&#8211; Est-ce que\u2026<\/p>\n\n\n\n<p>Elle saisit un verre d\u2019eau qu\u2019elle lui ordonna de boire, mais&nbsp; sans cracher la derni\u00e8re gorg\u00e9e, il devait la garder en bouche.<\/p>\n\n\n\n<p>&#8211; On pourra discuter des d\u00e9tails plus tard ; ce que je souhaite maintenant, c\u2019est vider ce petit cr\u00e2ne toujours trop occup\u00e9, plus de blabla, juste l\u2019instant. Et si tu craches de l&#8217;eau, tu perds !<\/p>\n\n\n\n<p>Le flot de pens\u00e9es ininterrompu se calma l\u00e9g\u00e8rement, il ha\u00efssait autant qu\u2019il adorait la tendance qu\u2019elle avait \u00e0 le d\u00e9coder si facilement, \u00e0 toujours sembler savoir ce qui se tramait en arri\u00e8re-plan.<\/p>\n\n\n\n<p>&#8211; Tu sais que les d\u00e9esses sont tr\u00e8s possessives ?<\/p>\n\n\n\n<p>Le sourcil l\u00e9g\u00e8rement courb\u00e9 fut la seule r\u00e9ponse.<\/p>\n\n\n\n<p>&#8211; Je devrais peut-\u00eatre te garder dans une cage comme un canari, ou bien\u2026 t\u2019interdire de communiquer avec toutes les femmes comme un moine, ou te kidnapper \u00e0 jamais. Mais tu aimerais trop \u00e7a.<\/p>\n\n\n\n<p>Elle s\u2019arqua l\u00e9g\u00e8rement, les ongles courant sur son dos dans un rythme m\u00e9canique.<\/p>\n\n\n\n<p>&#8211; Tu promets de prendre soin de moi ?<\/p>\n\n\n\n<p>Il hocha la t\u00eate, surpris par la question.<\/p>\n\n\n\n<p>&#8211; Moi aussi.<\/p>\n\n\n\n<p>Elle agrippa, telle une lionne, ses \u00e9paules et le jeta au sol sans peine, en coin\u00e7ant la t\u00eate entre ses genoux tandis que ses dents p\u00e9n\u00e9traient la chair tendre des c\u00f4tes.<\/p>\n\n\n\n<p>&#8211; Je sais que tu d\u00e9testes \u00e7a, mais j\u2019adore\u2026 Et puis je ne t\u2019ai pas attach\u00e9 pour rien. \u00bb<\/p>\n\n\n\n<p>La cinqui\u00e8me morsure acheva l\u2019\u00e9preuve alors qu\u2019il avalait l\u2019eau, paniqu\u00e9, en couinant. Elle ne commenta pas l\u2019\u00e9chec, se contentant de marquer de morsures toutes les zones qui lui plaisaient, caressant sa nuque pensive dans des pauses al\u00e9atoires. Elle gardait parfois une bouch\u00e9e tendre en bouche, appuyant extr\u00eamement lentement la morsure, jouant de la sensation et des supplications. La joie sauvage qui irradiait de la session le perturba ; elle gloussa en notant son air terrifi\u00e9, lui murmurant des mots r\u00e9confortants, sans pour autant stopper ses pulsions primales. Elle lui agrippa la nuque comme un chaton avec les dents, le rythme de sa respiration se calma petit \u00e0 petit, l\u2019enserrant dans une \u00e9treinte presque tendre, si elle n\u2019y mettait pas toute sa force. Elle resta ainsi un long moment ; il n\u2019osait pas bouger d\u2019un pouce, la luminosit\u00e9 chutant en m\u00eame temps que l\u2019\u00e9nergie de la divine. Elle embrassa chacune des morsures, le d\u00e9tachant lentement ; elle le guida au pied de son propre lit en \u00e9teignant la lumi\u00e8re et s\u2019y installa le plus naturellement du monde.<\/p>\n\n\n\n<p>Il surprit sa main caressant ses cheveux quelques fois dans la nuit, comme pour v\u00e9rifier s&#8217;il \u00e9tait bien pr\u00e9sent. Elle lui jeta m\u00eame un coussin au visage, avant de le lui confisquer quelques heures plus tard.<\/p>\n\n\n\n<p>Mais ce qui \u00e9tait le plus \u00e9trange fut le r\u00e9veil, alors qu\u2019elle le d\u00e9visageait depuis la hauteur du lit.<\/p>\n\n\n\n<p>\u00ab Bonjour, ma petite chose. J\u2019esp\u00e8re que tu as bien dormi, la journ\u00e9e qui t\u2019attend risque d\u2019\u00eatre charg\u00e9e.\u00a0\u00bb<\/p>\n","protected":false},"excerpt":{"rendered":"<p>Il avait toujours \u00e9t\u00e9 sensible \u00e0 la m\u00e9ditation, \u00e0 l&#8217;hypnose et \u00e0 tous les jeux de l&#8217;esprit. En proie aux mar\u00e9es de l\u2019\u00e2me, il s&#8217;apaisait dans la contrainte et les ordres, m\u00eame s&#8217;il n&#8217;aimait pas toujours l&#8217;avouer. Il trouvait dans l&#8217;abandon forc\u00e9, dans la r\u00e9signation des cordes, dans la d\u00e9faite arrach\u00e9e un plaisir sans pareil. [&hellip;]<\/p>\n","protected":false},"author":1,"featured_media":0,"parent":0,"menu_order":0,"comment_status":"closed","ping_status":"closed","template":"","meta":{"footnotes":""},"class_list":["post-318","page","type-page","status-publish","hentry"],"aioseo_notices":[],"_links":{"self":[{"href":"https:\/\/sunblogbdsm.fr\/index.php?rest_route=\/wp\/v2\/pages\/318"}],"collection":[{"href":"https:\/\/sunblogbdsm.fr\/index.php?rest_route=\/wp\/v2\/pages"}],"about":[{"href":"https:\/\/sunblogbdsm.fr\/index.php?rest_route=\/wp\/v2\/types\/page"}],"author":[{"embeddable":true,"href":"https:\/\/sunblogbdsm.fr\/index.php?rest_route=\/wp\/v2\/users\/1"}],"replies":[{"embeddable":true,"href":"https:\/\/sunblogbdsm.fr\/index.php?rest_route=%2Fwp%2Fv2%2Fcomments&post=318"}],"version-history":[{"count":2,"href":"https:\/\/sunblogbdsm.fr\/index.php?rest_route=\/wp\/v2\/pages\/318\/revisions"}],"predecessor-version":[{"id":321,"href":"https:\/\/sunblogbdsm.fr\/index.php?rest_route=\/wp\/v2\/pages\/318\/revisions\/321"}],"wp:attachment":[{"href":"https:\/\/sunblogbdsm.fr\/index.php?rest_route=%2Fwp%2Fv2%2Fmedia&parent=318"}],"curies":[{"name":"wp","href":"https:\/\/api.w.org\/{rel}","templated":true}]}}