{"id":315,"date":"2025-09-18T20:17:50","date_gmt":"2025-09-18T18:17:50","guid":{"rendered":"https:\/\/sunblogbdsm.fr\/?page_id=315"},"modified":"2025-09-18T20:45:56","modified_gmt":"2025-09-18T18:45:56","slug":"message","status":"publish","type":"page","link":"https:\/\/sunblogbdsm.fr\/?page_id=315","title":{"rendered":"Message"},"content":{"rendered":"\n<p>Il se leva en avance, r\u00e9sista \u00e0 l&#8217;envie de fumer au r\u00e9veil. Fit couler un caf\u00e9, tout en pr\u00e9parant du porridge. Pourquoi s&#8217;emb\u00eatait-il \u00e0 bien manger ? Alors qu&#8217;\u00e0 la moindre contrari\u00e9t\u00e9, il se jetait sur ses pr\u00e9cieuses cigarettes. Il se promit d&#8217;arr\u00eater de fumer, un jour, le bon jour, il trouverait la motivation. Il n&#8217;avait jamais exprim\u00e9 cette pens\u00e9e \u00e0 qui que ce soit, surtout pas \u00e0 la divine. Elle s&#8217;empresserait de l&#8217;aider, coach de vie autoritaire ; elle inventerait des punitions si contraignantes et sadiques s&#8217;il craquait\u2026 Il frissonna alors que son imagination s&#8217;emballait et alla ranger son paquet hors de sa vue.<\/p>\n\n\n\n<p>M\u00e2chant avec peine, tel un bovid\u00e9, tout absorb\u00e9 par ses pens\u00e9es, il lui \u00e9crivit le message du matin. Toujours un le matin et un le soir. Ne jamais le manquer, m\u00eame si des semaines sans r\u00e9ponses s&#8217;\u00e9coulaient. Il avait essay\u00e9 un jour, frustr\u00e9 apr\u00e8s plusieurs jours d&#8217;ignorance. Il n&#8217;avait simplement rien envoy\u00e9, une r\u00e9bellion pu\u00e9rile qui avait \u00e9t\u00e9 mat\u00e9e le soir m\u00eame. Elle l&#8217;avait emmen\u00e9 au restaurant, tout sourire, toute charmante. Il avait pass\u00e9 le repas dans la terreur alors qu&#8217;elle lui posait des questions sur son quotidien, son travail, chose qu&#8217;elle ne faisait jamais. Elle l&#8217;avait \u00e9galement raccompagn\u00e9 au pas de sa porte, et avant de partir, lui avait demand\u00e9 :<\/p>\n\n\n\n<p>\u00ab Tu veux une gentille ? Une docile ? Des brunchs le dimanche matin ? Des caresses et des encouragements ?<\/p>\n\n\n\n<p>Il s&#8217;\u00e9tait d\u00e9compos\u00e9, alors qu&#8217;elle r\u00e9v\u00e9lait ses cartes apr\u00e8s l&#8217;avoir cuisin\u00e9 toute la soir\u00e9e. Elle referma la porte \u00e0 double tour avant de d\u00e9chirer le tee-shirt qu&#8217;il portait en deux et de le fourrer dans sa bouche.<\/p>\n\n\n\n<p>&#8211; Si tu veux, je te pardonne et je pars, dit-elle tout en empoignant son menton. Il secoua la t\u00eate, impatient d&#8217;expier.<\/p>\n\n\n\n<p>Un uppercut dans le ventre lui coupa la respiration tandis que ses escarpins pi\u00e9tinaient ses c\u00f4tes alors qu&#8217;il roulait au sol.<\/p>\n\n\n\n<p>&#8211; M\u00eame si je ne t&#8217;envoie pas de messages pendant un mois, j&#8217;attends de toi une attention ind\u00e9fectible ; c&#8217;\u00e9tait un test, tu l&#8217;as rat\u00e9.&nbsp;<\/p>\n\n\n\n<p>Elle saisit son cou et lui coupa la respiration.<\/p>\n\n\n\n<p>&#8211; Et je sais que tu as fait expr\u00e8s pour go\u00fbter les limites, pour voir si j&#8217;allais laisser passer.&nbsp;<\/p>\n\n\n\n<p>Sa main agrippa son t\u00e9ton, qu&#8217;elle tordit avec facilit\u00e9.<\/p>\n\n\n\n<p>&#8211; Tu as gagn\u00e9 mon attention. \u00bb<\/p>\n\n\n\n<p>&nbsp;Elle le prit dans ses bras avec douceur mais fermet\u00e9, en caressant sa l\u00e8vre, et d\u00e9cida de le torturer pendant une longue heure sans jamais le laisser parler ni s&#8217;expliquer.<\/p>\n\n\n\n<p>Ce n&#8217;est que lors du dernier jeu, \u00e0 bout de souffle et de nerfs, \u00e0 deux doigts d&#8217;abandonner lors de la derni\u00e8re p\u00e9nitence, qu&#8217;elle lui avoua qu&#8217;elle avait esp\u00e9r\u00e9 qu&#8217;il faill\u00eet, que pour une fois elle n&#8217;avait pas eu besoin d&#8217;inventer des manquements pour exprimer son sadisme. Il ne dit rien mais rougit, et pour la premi\u00e8re fois d\u00e9voila un sourire charmeur. Elle l&#8217;embrassa avant de commenter :<\/p>\n\n\n\n<p>\u00ab Ne te m\u00e9prends pas, j&#8217;adore ton c\u00f4t\u00e9 ob\u00e9issant, mais c&#8217;est agr\u00e9able de pouvoir te pourrir sans limites.&nbsp;<\/p>\n\n\n\n<p>Il acquies\u00e7a, le souffle court, les genoux en feu \u00e0 m\u00eame le sol sur du riz, les jambes et le torse recouverts de bleus et de morsures, alors qu&#8217;elle \u00e9crasait d&#8217;un pas distrait ses testicules. Une larme coula qu&#8217;il ne prit pas la peine de retenir.<\/p>\n\n\n\n<p>\u00ab J\u2019aime quand tu pleures. Elle ne manqua pas une seconde de la sc\u00e8ne, absorb\u00e9e par le sillon de l&#8217;eau courant sur sa peau.<\/p>\n\n\n\n<p>&#8211; Une seule larme. \u00bb Elle se leva tout en continuant \u00e0 lui \u00e9craser les parties intimes. Elle lui caressait la t\u00eate avec douceur tout en continuant \u00e0 se servir de lui comme d&#8217;un pi\u00e9destal. Elle le laissait humer le parfum de ses cuisses, le regard au plafond, satisfaite, et se surprit \u00e0 appr\u00e9cier la douceur de ses cheveux. Elle les empoigna fermement, le for\u00e7ant \u00e0 embrasser cent fois chacune de ses jambes avant de le laisser l\u00e0, tout penaud.<\/p>\n\n\n\n<p>\u00ab Je te pardonne, \u00e0 demain, \u00bb dit-elle en claquant sa porte d&#8217;entr\u00e9e. Il lui envoya un message le soir m\u00eame apr\u00e8s avoir retrouv\u00e9 ses esprits, et depuis, il n&#8217;en avait manqu\u00e9 aucun.<\/p>\n","protected":false},"excerpt":{"rendered":"<p>Il se leva en avance, r\u00e9sista \u00e0 l&#8217;envie de fumer au r\u00e9veil. Fit couler un caf\u00e9, tout en pr\u00e9parant du porridge. Pourquoi s&#8217;emb\u00eatait-il \u00e0 bien manger ? Alors qu&#8217;\u00e0 la moindre contrari\u00e9t\u00e9, il se jetait sur ses pr\u00e9cieuses cigarettes. Il se promit d&#8217;arr\u00eater de fumer, un jour, le bon jour, il trouverait la motivation. Il [&hellip;]<\/p>\n","protected":false},"author":1,"featured_media":0,"parent":0,"menu_order":0,"comment_status":"closed","ping_status":"closed","template":"","meta":{"footnotes":""},"class_list":["post-315","page","type-page","status-publish","hentry"],"aioseo_notices":[],"_links":{"self":[{"href":"https:\/\/sunblogbdsm.fr\/index.php?rest_route=\/wp\/v2\/pages\/315"}],"collection":[{"href":"https:\/\/sunblogbdsm.fr\/index.php?rest_route=\/wp\/v2\/pages"}],"about":[{"href":"https:\/\/sunblogbdsm.fr\/index.php?rest_route=\/wp\/v2\/types\/page"}],"author":[{"embeddable":true,"href":"https:\/\/sunblogbdsm.fr\/index.php?rest_route=\/wp\/v2\/users\/1"}],"replies":[{"embeddable":true,"href":"https:\/\/sunblogbdsm.fr\/index.php?rest_route=%2Fwp%2Fv2%2Fcomments&post=315"}],"version-history":[{"count":2,"href":"https:\/\/sunblogbdsm.fr\/index.php?rest_route=\/wp\/v2\/pages\/315\/revisions"}],"predecessor-version":[{"id":317,"href":"https:\/\/sunblogbdsm.fr\/index.php?rest_route=\/wp\/v2\/pages\/315\/revisions\/317"}],"wp:attachment":[{"href":"https:\/\/sunblogbdsm.fr\/index.php?rest_route=%2Fwp%2Fv2%2Fmedia&parent=315"}],"curies":[{"name":"wp","href":"https:\/\/api.w.org\/{rel}","templated":true}]}}