{"id":304,"date":"2025-09-18T14:48:08","date_gmt":"2025-09-18T12:48:08","guid":{"rendered":"https:\/\/sunblogbdsm.fr\/?page_id=304"},"modified":"2025-09-18T20:10:22","modified_gmt":"2025-09-18T18:10:22","slug":"cigarette","status":"publish","type":"page","link":"https:\/\/sunblogbdsm.fr\/?page_id=304","title":{"rendered":"Cigarette"},"content":{"rendered":"\n<p class=\"has-text-align-left\">La journ\u00e9e avait \u00e9t\u00e9 particuli\u00e8rement \u00e9prouvante, et la cl\u00f4ture du bureau n\u2019en marquait pas la fin. Il se pressa, juste comme il faut, d\u2019un empressement ma\u00eetris\u00e9. Qu\u2019allait-elle appr\u00e9cier ? Du poisson, pensa-t-il, cela fonctionnait presque toujours. Quelques citrons, des herbes aromatiques et une l\u00e9g\u00e8re julienne de l\u00e9gumes, c\u2019\u00e9tait parfait. L\u2019attente \u00e0 la caisse lui paraissait interminable, il se promit de faire des r\u00e9serves pour la prochaine fois, au moins, avait-il eu la pr\u00e9sence d\u2019esprit de stocker quelques bouteilles de son blanc pr\u00e9f\u00e9r\u00e9. Il n\u2019avait jamais compris son amour pour ce blanc sucr\u00e9, mais la satisfaction qu\u2019il lui procurait \u00e9tait tout ce qui comptait.<\/p>\n\n\n\n<p>Les effluves de poisson emplissaient la pi\u00e8ce, il le mit au chaud avant d\u2019allumer une bougie, il s\u2019alluma une cigarette en l\u2019attendant. Il reconnut ses pas dans le couloir, elle ouvrit la porte sans se d\u00e9chausser, jeta son manteau sur le sol et s\u2019allongea sur le canap\u00e9, une cigarette \u00e0 la main. Il \u00e9crasa la sienne \u00e0 remords tandis qu\u2019il allumait la sienne en lui mettant un cendrier \u00e0 disposition. Il soupira int\u00e9rieurement, elle ne fumait \u00e0 l\u2019int\u00e9rieur que lorsque sa journ\u00e9e avait \u00e9t\u00e9 terrible, sinon elle prenait toujours la peine d\u2019aller sur le balcon.<\/p>\n\n\n\n<p>Il ramassa le manteau pour l\u2019accrocher et la d\u00e9chaussa toujours sans un mot. Il ouvrit \u00e9galement la bouteille de blanc et d\u00e9posa un verre sur la table basse. Elle en prit une grande gorg\u00e9e et fuma tout en le d\u00e9visageant. Il attendait patiemment \u00e0 genoux \u00e0 ses c\u00f4t\u00e9s, elle lui tendit sa fin, toujours la derni\u00e8re bouff\u00e9e, jamais une de plus.<\/p>\n\n\n\n<p>\u00ab Tu as l\u2019air autant en forme que moi, dit-elle avec un sourire.<\/p>\n\n\n\n<p>&#8211; Vraiment ?<\/p>\n\n\n\n<p>&#8211; Tu as toujours cette t\u00eate quand tu es contrari\u00e9.<\/p>\n\n\n\n<p>&nbsp;Il se mordit la l\u00e8vre, il pensait ne rien avoir laiss\u00e9 transpara\u00eetre.<\/p>\n\n\n\n<p>&nbsp;&#8211; Pardon.<\/p>\n\n\n\n<p>&#8211; Mmhh. \u00bb<\/p>\n\n\n\n<p>Elle se leva pour aller chercher des gla\u00e7ons, et alluma une autre cigarette.<\/p>\n\n\n\n<p>&#8211; Enl\u00e8ve ton haut.<\/p>\n\n\n\n<p>Il s\u2019ex\u00e9cuta.<\/p>\n\n\n\n<p>&#8211; Ce soir tu souffres en silence, j\u2019adore tes g\u00e9missements mais je ne veux rien entendre. \u00bb<\/p>\n\n\n\n<p>La br\u00fblure ne se fit pas attendre, il vacilla de douleur mais ne dit pas un mot, le gla\u00e7on tamponna rapidement la marque de la cigarette. Il lui lan\u00e7a un regard de chien battu, ce qui la fit sourire jusqu\u2019aux oreilles. Elle se leva et cette fois attaqua son \u00e9paule, il ne put retenir un g\u00e9missement tandis qu\u2019elle \u00e9crasa sans piti\u00e9 son intimit\u00e9. Elle prit sa t\u00eate dans ses mains, le regard rempli d\u2019une joie presque enfantine. Le gla\u00e7on glissa de son \u00e9paule jusqu\u2019\u00e0 sa bouche.<\/p>\n\n\n\n<p>\u00ab Tu as mal ? Tu n\u2019es pas content ?&nbsp;<\/p>\n\n\n\n<p>La cigarette s\u2019approcha de son visage, il ne put retenir un frisson.<\/p>\n\n\n\n<p>&#8211; Tu sais tr\u00e8s bien que je n\u2019ab\u00eemerai jamais ton joli visage\u2026 Mais ton cou, c\u2019est envisageable, \u00e7a te plairait de porter des chemises et cols roul\u00e9s pendant deux semaines ?&nbsp;<\/p>\n\n\n\n<p>&nbsp;Il d\u00e9glutit p\u00e9niblement pour toute r\u00e9ponse.<\/p>\n\n\n\n<p>&#8211; Je suis contente, dit-elle en appliquant plusieurs marques sur son ventre.<\/p>\n\n\n\n<p>&#8211; J\u2019arrive encore \u00e0 te faire peur.<\/p>\n\n\n\n<p>Il ne put se retenir de fermer les yeux pour canaliser la douleur mais les rouvrit avec lenteur lorsqu\u2019il sentit ses l\u00e8vres et son haleine goudronn\u00e9e envahir sa bouche.<\/p>\n\n\n\n<p>&#8211; Tu es beau quand tu souffres.&nbsp;<\/p>\n\n\n\n<p>Elle l\u2019enla\u00e7a en agrippant sa nuque avec force, tandis que ses ongles se plantaient autour des marques sur son ventre. Il g\u00e9mit de surprise, elle ne dit rien mais resta ainsi une vingtaine de minutes.<\/p>\n\n\n\n<p>Elle se leva et prit sa veste, il lui remit ses chaussures d\u00e9licatement tandis qu\u2019elle souriait.<\/p>\n\n\n\n<p>&#8211; Merci, r\u00e9serve ton week-end.&nbsp;<\/p>\n\n\n\n<p>Un sourire de joie illumina son visage.<\/p>\n\n\n\n<p>&#8211; Tu ne fumes pas avant de me revoir !&nbsp;<\/p>\n\n\n\n<p>Il cacha mal sa d\u00e9ception, elle semblait si satisfaite qu\u2019il rougit.<\/p>\n\n\n\n<p>&#8211; Navr\u00e9 pour le poisson, je ne suis pas d\u2019humeur.&nbsp;<\/p>\n\n\n\n<p class=\"has-text-align-left\">Elle l\u2019embrassa sur le front d\u00e9licatement avant de quitter la pi\u00e8ce, il respirait fort d&#8217;excitation et de frustration m\u00eal\u00e9es. Il s\u2019estimait chanceux, le week-end arriverait vite.<\/p>\n\n\n\n<p><\/p>\n","protected":false},"excerpt":{"rendered":"<p>La journ\u00e9e avait \u00e9t\u00e9 particuli\u00e8rement \u00e9prouvante, et la cl\u00f4ture du bureau n\u2019en marquait pas la fin. Il se pressa, juste comme il faut, d\u2019un empressement ma\u00eetris\u00e9. Qu\u2019allait-elle appr\u00e9cier ? Du poisson, pensa-t-il, cela fonctionnait presque toujours. Quelques citrons, des herbes aromatiques et une l\u00e9g\u00e8re julienne de l\u00e9gumes, c\u2019\u00e9tait parfait. L\u2019attente \u00e0 la caisse lui paraissait [&hellip;]<\/p>\n","protected":false},"author":1,"featured_media":0,"parent":0,"menu_order":0,"comment_status":"closed","ping_status":"closed","template":"","meta":{"footnotes":""},"class_list":["post-304","page","type-page","status-publish","hentry"],"aioseo_notices":[],"_links":{"self":[{"href":"https:\/\/sunblogbdsm.fr\/index.php?rest_route=\/wp\/v2\/pages\/304"}],"collection":[{"href":"https:\/\/sunblogbdsm.fr\/index.php?rest_route=\/wp\/v2\/pages"}],"about":[{"href":"https:\/\/sunblogbdsm.fr\/index.php?rest_route=\/wp\/v2\/types\/page"}],"author":[{"embeddable":true,"href":"https:\/\/sunblogbdsm.fr\/index.php?rest_route=\/wp\/v2\/users\/1"}],"replies":[{"embeddable":true,"href":"https:\/\/sunblogbdsm.fr\/index.php?rest_route=%2Fwp%2Fv2%2Fcomments&post=304"}],"version-history":[{"count":4,"href":"https:\/\/sunblogbdsm.fr\/index.php?rest_route=\/wp\/v2\/pages\/304\/revisions"}],"predecessor-version":[{"id":314,"href":"https:\/\/sunblogbdsm.fr\/index.php?rest_route=\/wp\/v2\/pages\/304\/revisions\/314"}],"wp:attachment":[{"href":"https:\/\/sunblogbdsm.fr\/index.php?rest_route=%2Fwp%2Fv2%2Fmedia&parent=304"}],"curies":[{"name":"wp","href":"https:\/\/api.w.org\/{rel}","templated":true}]}}