{"id":138,"date":"2023-06-04T17:03:13","date_gmt":"2023-06-04T15:03:13","guid":{"rendered":"https:\/\/sunblogbdsm.fr\/?page_id=138"},"modified":"2023-06-04T17:16:50","modified_gmt":"2023-06-04T15:16:50","slug":"comtesse","status":"publish","type":"page","link":"https:\/\/sunblogbdsm.fr\/?page_id=138","title":{"rendered":"Comtesse"},"content":{"rendered":"<p dir=\"ltr\" style=\"line-height: 2.16; margin-top: 0pt; margin-bottom: 15pt;\">C\u2019est avec un m\u00e9lange d\u2019appr\u00e9hension et d\u2019excitation que je me rendais chez Comtesse pour la premi\u00e8re fois. Cela faisait d\u00e9j\u00e0 plusieurs semaines que nous discutions quotidiennement, et notre premier rendez-vous s\u2019\u00e9tant merveilleusement bien pass\u00e9, j\u2019avais l\u2019impression de vivre un songe \u00e9veill\u00e9. Je fixais la vitre du m\u00e9tro compl\u00e8tement absorb\u00e9 par mes pens\u00e9es. Inconsciemment, j\u2019humectais mes l\u00e8vres en me rem\u00e9morant son sourire joueur, je pouvais presque sentir la texture de ses doigts, le go\u00fbt \u00e2cre de la bi\u00e8re, alors que je l\u00e9chais son annulaire qu\u2019elle avait tremp\u00e9 dans son verre. C\u2019est fou la tournure que peut prendre un demi, comment un simple geste peut d\u00e9gager autant d\u2019\u00e9rotisme. Seules parmi la foule, les esquisses de nos jeux prenaient forme. Je ne pouvais m\u2019emp\u00eacher de douter, la chance m\u2019avait-elle souri ? Comment \u00e9tait-il possible qu\u2019un diamant brut jette son d\u00e9volu sur moi ? Que personne ne l\u2019ait d\u00e9couverte et ne lui ai propos\u00e9 ses services avant ? Je l\u2019ignorais, mais je comptais bien donner le maximum, pour ne rien regretter ensuite. Sans m\u2019en rendre compte, j\u2019arrivais devant son hall, je sonnais comme elle me l\u2019avait indiqu\u00e9e. Elle vint me chercher presque instantan\u00e9ment, ce qui ne me laissa pas le temps de me questionner plus longtemps. \u00c0 peine arriv\u00e9, elle referma la porte sans un mot et me plaqua contre son mur, ce qui eut pour effet de r\u00e9veiller instantan\u00e9ment mon excitation. Cela faisait deux jours que j\u2019\u00e9tais chaste, dur\u00e9e bien courte aux yeux de soumis bien plus exp\u00e9riment\u00e9s, mais cela avait suffit \u00e0 entretenir efficacement ma frustration. Je savourais chaque seconde de sa d\u00e9licate attention, la douceur de ses l\u00e8vres que j\u2019embrassais comme une porcelaine pr\u00e9cieuse, prisonnier de son \u00e9treinte je me sentais d\u00e9j\u00e0 fondre.<\/p>\n<p dir=\"ltr\" style=\"line-height: 2.16; text-align: center; margin-top: 0pt; margin-bottom: 15pt;\">\u00a0\u00ab Bon je m\u2019\u00e9tais dit que je ne te sauterai pas tout de suite dessus, mais tant pis\u2026<\/p>\n<p dir=\"ltr\" style=\"line-height: 2.16; text-align: center; margin-top: 0pt; margin-bottom: 15pt;\">\u2013 Oui Comtesse, c\u2019\u00e9tait tr\u00e8s agr\u00e9able \u00bb<\/p>\n<p dir=\"ltr\" style=\"line-height: 2.16; margin-top: 0pt; margin-bottom: 15pt;\">\u00a0Je d\u00e9taillais les d\u00e9corations de son appartement, tandis qu\u2019elle nous pr\u00e9parait une infusion, nous discutions avec entrain, et je ne pouvais m\u2019emp\u00eacher de reluquer sa tenue et notamment ses magnifiques Doc Martens. Ses yeux envo\u00fbtants et ses nombreux tatouages me fascinaient. Elle semblait avoir judicieusement choisi sa tenue pour accentuer ma frustration, sa robe mauve, faisait ressortir ses hanches et son collant noir sublimait ses jambes.<\/p>\n<p dir=\"ltr\" style=\"line-height: 2.16; text-align: center; margin-top: 0pt; margin-bottom: 15pt;\">\u00ab D\u2019habitude je ne les porte pas en int\u00e9rieur, mais j\u2019ai fait un effort rien que pour toi\u00a0<\/p>\n<p dir=\"ltr\" style=\"line-height: 2.16; text-align: center; margin-top: 0pt; margin-bottom: 15pt;\">\u2013 c\u2019est tr\u00e8s gentil \u00e0 toi Comtesse \u00bb<\/p>\n<p dir=\"ltr\" style=\"line-height: 2.16; margin-top: 0pt; margin-bottom: 15pt;\">\u00a0Un signal inaudible a d\u00fb se d\u00e9clencher, ou bien Comtesse jugea que les civilit\u00e9s avaient trop dur\u00e9. Je me retrouvais plaqu\u00e9 contre son lit tandis que ses dents exploraient mon cou avec entrain. Les g\u00e9missements ne se firent pas attendre, frustration, plaisir et douleurs s\u2019extirpaient de ma gorge par flots ininterrompus. Elle prit soin d\u2019ausculter avec s\u00e9rieux chaque parcelle tendre de mon cou, s\u2019y attelant telle une scientifique, v\u00e9rifiant avec une m\u00e9thodologie rigoureuse chaque r\u00e9action de ma part. Et rappelant \u00e0 son sujet d\u2019\u00e9tude de rester calme, quand celui-ci se montrait trop vigoureux, une seule pression sur mes cheveux me rendait plus docile qu\u2019un agneau. Son \u00e9tau d\u00e9licieux m\u2019avait d\u00e9j\u00e0 fait tourner la t\u00eate, et une fois satisfaite elle me demanda poliment, mais fermement de l\u2019attendre \u00e0 genoux sur le sol.<\/p>\n<p dir=\"ltr\" style=\"line-height: 2.16; margin-top: 0pt; margin-bottom: 15pt;\">\u00a0\u00ab Tu sais que j\u2019ai lav\u00e9 mes chaussures rien que pour toi ?\u00a0<\/p>\n<p dir=\"ltr\" style=\"line-height: 2.16; text-align: center; margin-top: 0pt; margin-bottom: 15pt;\">\u2013 Ah oui Comtesse ?<\/p>\n<p dir=\"ltr\" style=\"line-height: 2.16; text-align: center; margin-top: 0pt; margin-bottom: 15pt;\">\u00a0\u2013 Ce n\u2019est pas toi qui m\u2019a dit que tu aimerais bien leur pr\u00e9senter tes hommages ?<\/p>\n<p dir=\"ltr\" style=\"line-height: 2.16; text-align: center; margin-top: 0pt; margin-bottom: 15pt;\">\u00a0-Si \u2026 euh oui Comtesse dis-je en d\u00e9tournant le regard \u00bb.<\/p>\n<p dir=\"ltr\" style=\"line-height: 2.16; margin-top: 0pt; margin-bottom: 15pt;\">Elle semblait s\u2019amuser de ma r\u00e9action fuyante et c\u2019est avec un regard joueur qu\u2019elle croisa mon regard.<\/p>\n<p dir=\"ltr\" style=\"line-height: 2.16; text-align: center; margin-top: 0pt; margin-bottom: 15pt;\">\u00a0\u00ab Eh bien, tu peux y aller \u00bb<\/p>\n<p dir=\"ltr\" style=\"line-height: 2.16; margin-top: 0pt; margin-bottom: 15pt;\">\u00a0La honte fut tr\u00e8s vite remplac\u00e9e par le plaisir, bien que je n\u2019osais pas croiser son regard, je la sentais extr\u00eamement concentr\u00e9e sur la sc\u00e8ne. Je commen\u00e7ais par de timides baisers sur ses docks rutilantes. Puis-je m\u2019emportais et laissais libre cours \u00e0 mes envies en y apposant de francs coups de langue que je recouvrais ensuite de mes l\u00e8vres. Je poussais m\u00eame le vice \u00e0 \u00e9galiser mes attentions sur ses deux chaussures. Une ambiance tr\u00e8s c\u00e9r\u00e9monieuse, presque mystique enveloppait la sc\u00e8ne, tandis qu\u2019haxan cloak rythmait ma d\u00e9votion.\u00a0<\/p>\n<p dir=\"ltr\" style=\"line-height: 2.16; margin-top: 0pt; margin-bottom: 15pt;\">Je croisais son regard satisfait, et son sourire timide tandis qu\u2019elle m\u2019autorisait \u00e0 reposer ma t\u00eate sur ses genoux, et c\u2019est pensive qu\u2019elle caressait d\u00e9licatement ma t\u00eate. Je savourais le contact de ses jambes, tr\u00e8s satisfait d\u2019avoir rapidement surmont\u00e9 ma g\u00eane initiale. Apr\u00e8s de longues minutes de tendresse, elle se leva et avec un sourire m\u2019ordonna :<\/p>\n<p dir=\"ltr\" style=\"line-height: 2.16; text-align: center; margin-top: 0pt; margin-bottom: 15pt;\">\u00a0\u00ab Tu vas te mettre \u00e0 quatre pattes sur le sol et m\u2019attendre \u00bb<\/p>\n<p dir=\"ltr\" style=\"line-height: 2.16; margin-top: 0pt; margin-bottom: 15pt;\">\u00a0Je pensais instinctivement \u00e0 me cambrer, chose qui n\u2019est pas encore un r\u00e9flexe ancr\u00e9.<\/p>\n<p dir=\"ltr\" style=\"line-height: 2.16; text-align: center; margin-top: 0pt; margin-bottom: 15pt;\">\u00a0\u00ab Je n\u2019avais pas pr\u00e9vu \u00e7a pour une premi\u00e8re s\u00e9ance, mais bon, il faut dire que tu as de jolies fesses \u00bb<\/p>\n<p dir=\"ltr\" style=\"line-height: 2.16; margin-top: 0pt; margin-bottom: 15pt;\">Elle enduisit d\u00e9licatement mes fesses d\u2019une main experte, tandis que je me cambrais comme jamais. Une fois bien lubrifi\u00e9e, elle recouvrit ses doigts d\u2019une autre couche et explora ma cavit\u00e9 avec ses doigts. J\u2019abandonnais toute prestance tandis qu\u2019elle commen\u00e7ait \u00e0 faire des allers-retours dans mon orifice, d\u2019abord doucement comme pour crocheter une porte, puis plus violemment ce qui me f\u00eet pousser des g\u00e9missements d\u2019extases. Quelques minutes pass\u00e8rent \u00e0 la vitesse de la lumi\u00e8re, et sa douce voix cl\u00f4tura son \u0153uvre.<\/p>\n<p dir=\"ltr\" style=\"line-height: 2.16; text-align: center; margin-top: 0pt; margin-bottom: 15pt;\">\u00a0\u00ab J\u2019adore tes g\u00e9missements dit Comtesse dans un baiser langoureux<\/p>\n<p dir=\"ltr\" style=\"line-height: 2.16; text-align: center; margin-top: 0pt; margin-bottom: 15pt;\">\u00a0\u2013 J\u2019esp\u00e8re que \u00e7a te satisfait Comtesse<\/p>\n<p dir=\"ltr\" style=\"line-height: 2.16; text-align: center; margin-top: 0pt; margin-bottom: 15pt;\">\u00a0\u2013 Mmmh oui r\u00e9pondit-elle me caressant la t\u00eate allong\u00e9e \u00e0 m\u00eame le sol contre moi<\/p>\n<p dir=\"ltr\" style=\"line-height: 2.16; text-align: center; margin-top: 0pt; margin-bottom: 15pt;\">\u00a0\u2013 Est-ce que je suis digne de devenir ton soumis ? \u00bb<\/p>\n<p dir=\"ltr\" style=\"line-height: 2.16; text-align: center; margin-top: 0pt; margin-bottom: 15pt;\">Un sourire illumina son visage tandis qu\u2019elle me fit taire avec sa bouche. Le reste de la journ\u00e9e fut d\u00e9licieux en sa compagnie et elle prit grand soin d\u2019explorer son nouveau jouet.<\/p>\n","protected":false},"excerpt":{"rendered":"<p>C\u2019est avec un m\u00e9lange d\u2019appr\u00e9hension et d\u2019excitation que je me rendais chez Comtesse pour la premi\u00e8re fois. Cela faisait d\u00e9j\u00e0 plusieurs semaines que nous discutions quotidiennement, et notre premier rendez-vous s\u2019\u00e9tant merveilleusement bien pass\u00e9, j\u2019avais l\u2019impression de vivre un songe \u00e9veill\u00e9. Je fixais la vitre du m\u00e9tro compl\u00e8tement absorb\u00e9 par mes pens\u00e9es. Inconsciemment, j\u2019humectais mes [&hellip;]<\/p>\n","protected":false},"author":1,"featured_media":0,"parent":0,"menu_order":0,"comment_status":"closed","ping_status":"closed","template":"","meta":{"footnotes":""},"class_list":["post-138","page","type-page","status-publish","hentry"],"aioseo_notices":[],"_links":{"self":[{"href":"https:\/\/sunblogbdsm.fr\/index.php?rest_route=\/wp\/v2\/pages\/138"}],"collection":[{"href":"https:\/\/sunblogbdsm.fr\/index.php?rest_route=\/wp\/v2\/pages"}],"about":[{"href":"https:\/\/sunblogbdsm.fr\/index.php?rest_route=\/wp\/v2\/types\/page"}],"author":[{"embeddable":true,"href":"https:\/\/sunblogbdsm.fr\/index.php?rest_route=\/wp\/v2\/users\/1"}],"replies":[{"embeddable":true,"href":"https:\/\/sunblogbdsm.fr\/index.php?rest_route=%2Fwp%2Fv2%2Fcomments&post=138"}],"version-history":[{"count":10,"href":"https:\/\/sunblogbdsm.fr\/index.php?rest_route=\/wp\/v2\/pages\/138\/revisions"}],"predecessor-version":[{"id":161,"href":"https:\/\/sunblogbdsm.fr\/index.php?rest_route=\/wp\/v2\/pages\/138\/revisions\/161"}],"wp:attachment":[{"href":"https:\/\/sunblogbdsm.fr\/index.php?rest_route=%2Fwp%2Fv2%2Fmedia&parent=138"}],"curies":[{"name":"wp","href":"https:\/\/api.w.org\/{rel}","templated":true}]}}