{"id":132,"date":"2023-06-04T17:02:40","date_gmt":"2023-06-04T15:02:40","guid":{"rendered":"https:\/\/sunblogbdsm.fr\/?page_id=132"},"modified":"2023-06-04T17:02:55","modified_gmt":"2023-06-04T15:02:55","slug":"feminisation","status":"publish","type":"page","link":"https:\/\/sunblogbdsm.fr\/?page_id=132","title":{"rendered":"F\u00e9minisation"},"content":{"rendered":"<p dir=\"ltr\" style=\"line-height: 1.44; margin-top: 0pt; margin-bottom: 7pt;\">Il y a de nombreuses pratiques que je n\u2019ai pas encore explor\u00e9, \u00eatre un soumis c\u2019est aussi parfois sortir de sa zone de confort. Os\u00e9 tenter des exp\u00e9riences dans lesquelles nous ne sommes pas forc\u00e9ment \u00e0 l\u2019aise, aujourd\u2019hui j\u2019ai d\u00e9cid\u00e9 d\u2019en retranscrire une qui m\u2019a particuli\u00e8rement marqu\u00e9. En \u00e9crivant ces lignes je dois me faire violence pour y retranscrire tous les sentiments et sensations que je n\u2019assume pas encore pleinement.<\/p>\n<p dir=\"ltr\" style=\"line-height: 2.16; margin-top: 0pt; margin-bottom: 15pt;\">Cette exp\u00e9rience que je ne prononce qu\u2019\u00e0 voix basse, la f\u00e9minisation. Les diktats de la virilit\u00e9 ont encore frapp\u00e9, je n\u2019ai jamais ressenti aucune animosit\u00e9 envers ces pratiques jusque-l\u00e0 mais je ne m\u2019y \u00e9tais encore jamais int\u00e9ress\u00e9.<\/p>\n<p dir=\"ltr\" style=\"line-height: 2.16; margin-top: 0pt; margin-bottom: 15pt;\">Je tombais parfois sur le profil de \u00ab\u00a0Sissy\u00a0\u00bb qui assume pleinement ce fantasme et en font la base de leur soumission avec curiosit\u00e9. Mais j&#8217;avais toujours du mal \u00e0 diff\u00e9rencier les pratiques et r\u00f4les associ\u00e9es telles que la f\u00e9minisation, les Sissy et les Dols.<\/p>\n<p dir=\"ltr\" style=\"line-height: 2.16; margin-top: 0pt; margin-bottom: 15pt;\">Sujet tabou, que les jeunes hommes explorent cependant \u00e0 l\u2019occasion de carnavals, ou cette pratique est socialement accept\u00e9e. Qui n\u2019a jamais vu dans sa scolarit\u00e9 lyc\u00e9enne \u00e0 l\u2019occasion de mardi gras, des \u00e9tudiants grossi\u00e8rement travestis affubl\u00e9s de v\u00eatements f\u00e9minins. G\u00e9n\u00e9ralement en groupes d\u2019amis, ils s\u2019habillent de collants aux couleurs criardes o\u00f9 l\u2019on peut ais\u00e9ment voir leurs guiboles poilues. Ils font la diva, rient fort, et imitent des poses vaguement f\u00e9minines le temps d\u2019une journ\u00e9e.<\/p>\n<p dir=\"ltr\" style=\"line-height: 2.16; margin-top: 0pt; margin-bottom: 15pt;\">Ainsi ils peuvent exp\u00e9rimenter un jour entier, l\u2019interdit social, l\u2019homme porte les v\u00eatements prohib\u00e9s sans pour autant renier sa \u00ab\u00a0virilit\u00e9\u00a0\u00bb le temps d\u2019une journ\u00e9e, sans subir aucune d\u00e9sapprobation sociale.<\/p>\n<p dir=\"ltr\" style=\"line-height: 2.16; margin-top: 0pt; margin-bottom: 15pt;\">Je me souviens aussi de soir\u00e9es alcoolis\u00e9es o\u00f9 totalement d\u00e9sinhib\u00e9s des groupes de gar\u00e7ons s\u2019amusaient avec d\u2019autres filles de ma classe \u00e0 se faire maquiller.<\/p>\n<p dir=\"ltr\" style=\"line-height: 2.16; margin-top: 0pt; margin-bottom: 15pt;\">Jeux innocents, et l\u00e9gers au vu de leurs faces semblables \u00e0 des voitures vol\u00e9es. Mais \u00e0 mon humble avis c\u2019est l\u00e0 encore l\u2019occasion pour certains de s\u2019affranchir un temps des contraintes de leur situation d\u2019homme. De plonger rapidement dans l\u2019univers f\u00e9minin sous couvert de la f\u00eate.<\/p>\n<p dir=\"ltr\" style=\"line-height: 2.16; margin-top: 0pt; margin-bottom: 15pt;\">J\u2019ai toujours eu des crit\u00e8res tr\u00e8s pr\u00e9cis en mati\u00e8re de lingerie, et de tenues \u00e9rotiques en g\u00e9n\u00e9ral. Les couleurs roses me font horreur, je n\u2019aime pas vraiment les lingeries \u00ab\u00a0kawaii\u00a0\u00bb m\u00e9lange de paillettes et mignonneries largement parsem\u00e9es de touches rappelant l\u2019enfance.<\/p>\n<p dir=\"ltr\" style=\"line-height: 2.16; margin-top: 0pt; margin-bottom: 15pt;\">Je dois avoir un petit c\u00f4t\u00e9 f\u00e9tichiste mais j\u2019ai toujours pr\u00e9f\u00e9r\u00e9 les couleurs sombres \u00e0 l\u2019exception du violet. J\u2019aime voir des femmes portant des v\u00eatements pr\u00e8s du corps, assumant pleinement leurs f\u00e9minit\u00e9s, sans pour autant astreindre mes fantasmes \u00e0 un st\u00e9r\u00e9otype particulier.<\/p>\n<p dir=\"ltr\" style=\"line-height: 2.16; margin-top: 0pt; margin-bottom: 15pt;\">Plus jeune je pouvais passer des heures sur la toile \u00e0 admirer les tenues de latex, et les tr\u00e8s classiques tenues de Dominas, dans un style correspondant \u00e0 l\u2019imaginaire collectif. V\u00eatements impeccables, chevelure sans accroc et air dur ou m\u00e9prisant, tenues f\u00e9tichistes de cuir, vinyle, ou latex rythmaient souvent mon imaginaire sans oublier les classiques accessoires de soumission, colliers, contraintes etc\u2026.<\/p>\n<p dir=\"ltr\" style=\"line-height: 2.16; margin-top: 0pt; margin-bottom: 15pt;\">J\u2019ai la f\u00e2cheuse tendance de demander \u00e0 mes partenaires du moment de r\u00e9aliser parfois ces caprices vestimentaires. L\u2019une des choses qui me fait fondre est notamment les bas, ils ont \u00e0 mes yeux un tr\u00e8s fort potentiel \u00e9rotique.<\/p>\n<p dir=\"ltr\" style=\"line-height: 2.16; margin-top: 0pt; margin-bottom: 15pt;\">La plupart ont accept\u00e9 de r\u00e9aliser ces demandes, m\u00eame si parfois elles n\u2019\u00e9taient pas forc\u00e9ment branch\u00e9e lingerie. Mais il n\u2019y avait rien de suspect \u00e0 r\u00e9aliser cette petite faveur qui me mettait dans tous mes \u00e9tats.<\/p>\n<p dir=\"ltr\" style=\"line-height: 2.16; margin-top: 0pt; margin-bottom: 15pt;\">Jusqu\u2019au jour o\u00f9 abordant une \u00e9ni\u00e8me fois le sujet je demandais \u00e0 l\u2019une de mes partenaires si elle pouvait se munir de bas, lui expliquant que je fondais litt\u00e9ralement face \u00e0 ce genre d&#8217;accessoires. Elle incarnait le r\u00f4le de dominante alors et avait tout droit de me refuser cette faveur.<\/p>\n<p dir=\"ltr\" style=\"line-height: 2.16; margin-top: 0pt; margin-bottom: 15pt;\">Elle accepta, mais au passage me posa alors une question qui m\u2019a d&#8217;abord grandement perturb\u00e9. Nous discutions par sms apr\u00e8s qu\u2019elle ait acquiesc\u00e9 je re\u00e7us un autre message, \u00ab\u00a0et si c\u2019\u00e9tait toi qui les portais les bas ?\u00a0\u00bb.<\/p>\n<p dir=\"ltr\" style=\"line-height: 2.16; margin-top: 0pt; margin-bottom: 15pt;\">Cette question me mit d\u2019abord mal \u00e0 l\u2019aise, je mis un petit temps \u00e0 r\u00e9pondre et \u00e0 r\u00e9fl\u00e9chir ne comprenant pas pourquoi il m\u2019\u00e9tait si difficile d\u2019\u00e9crire une r\u00e9ponse. Une petite boule d\u2019excitation s\u2019\u00e9tait form\u00e9e dans le creux de mon ventre, je lui renvoyais alors un message.<\/p>\n<p dir=\"ltr\" style=\"line-height: 2.16; margin-top: 0pt; margin-bottom: 15pt;\">\u00ab\u00a0Pourquoi devrais-je les porter ?\u00a0\u00bb, presque instantan\u00e9ment je re\u00e7us sa r\u00e9ponse. \u00ab\u00a0Tu as l\u2019air d\u2019y attacher une symbolique assez forte, \u00e7a ne t\u2019a jamais travers\u00e9 l\u2019esprit d\u2019en porter ?\u00a0\u00bb.<\/p>\n<p dir=\"ltr\" style=\"line-height: 2.16; margin-top: 0pt; margin-bottom: 15pt;\">Mon cerveau est alors en \u00e9bullition, je discute passionn\u00e9ment avec elle, noyant d\u2019abord le poisson comme je peux. Argumentant que je ne poss\u00e8de pas un corps f\u00e9minin dont les courbes sont plus propices \u00e0 sublimer des bas. Que je me sentirais ridicule ainsi affubl\u00e9, elle ne se d\u00e9monte cependant pas. Elle creuse sentant qu\u2019il y a l\u00e0 un sujet \u00e0 la fois sensible et peut-\u00eatre un fantasme refoul\u00e9.<\/p>\n<p dir=\"ltr\" style=\"line-height: 2.16; margin-top: 0pt; margin-bottom: 15pt;\">Apr\u00e8s une longue discussion, les faibles arguments que j\u2019avais soumis ne tiennent plus la cadence. Certes j\u2019ai parfois jalous\u00e9 les v\u00eatements f\u00e9minins bien plus \u00e9labor\u00e9s que la mode masculine et la grande diversit\u00e9 de leurs collections. Oui j\u2019ai parfois reluqu\u00e9 les chaussures extravagantes d\u2019\u00e9tudiantes de ma facult\u00e9, et attach\u00e9 une importance toute particuli\u00e8re aux chaussures dont je m\u2019affuble. La conversation se poursuit, les raisonnements que j\u2019utilisais pour me d\u00e9fendre jouent d\u00e9sormais en ma d\u00e9faveur.<\/p>\n<p dir=\"ltr\" style=\"line-height: 2.16; margin-top: 0pt; margin-bottom: 15pt;\">Pour ma d\u00e9fense, les diktats de la masculinit\u00e9 sont sans \u00e9quivoque, il est tr\u00e8s difficile d\u2019arriver \u00e0 s\u2019en \u00e9loigner et s\u2019en d\u00e9faire et un travail qui demande du temps m\u00eame avec la meilleure volont\u00e9 du monde. J\u2019ai toujours admir\u00e9 les Femmes, une phrase du blog de Mademoiselle Emilie m\u2019a particuli\u00e8rement marqu\u00e9. \u201c Soyez honn\u00eates messieurs vous ne faites pas le quart des efforts que nous faisons pour \u00eatre agr\u00e9ables \u00e0 regarder\u201d, c\u2019est absolument vrai \u00e0 mon humble avis, bien que les mentalit\u00e9s progressent, un homme qui accorde un soin particulier \u00e0 son apparence est souvent cependant d\u00e9cri\u00e9. On pourra dire positivement \u201cqu\u2019il prend soin de lui\u201d, et n\u00e9gativement qu\u2019il est \u201cpr\u00e9cieux\u201d. J\u2019ai m\u00eame entendu une jeune femme cracher sur son homme, lui reprochant d\u2019utiliser des cr\u00e8mes et de passer trop de temps dans la salle de bain. Alors qu\u2019elle prenait un malin plaisir \u00e0 se montrer \u00e0 ses c\u00f4t\u00e9s et vanter sa beaut\u00e9 et son sens de l\u2019esth\u00e9tisme, c\u2019est totalement illogique.<\/p>\n<p dir=\"ltr\" style=\"line-height: 2.16; margin-top: 0pt; margin-bottom: 15pt;\">\u00c0 la fin de la conversation j\u2019avais expos\u00e9 des sentiments tr\u00e8s personnels et totalement perdu le d\u00e9bat. Nous avions donc convenu de tenter l\u2019exp\u00e9rience. Ma demande d\u2019ajout d\u2019accessoire s&#8217;\u00e9tait alors transform\u00e9e en une planification de s\u00e9ance de f\u00e9minisation.<\/p>\n<p dir=\"ltr\" style=\"line-height: 2.16; margin-top: 0pt; margin-bottom: 15pt;\">Autant r\u00e9aliser la chose jusqu\u2019au bout dans ce cas, j\u2019ai pass\u00e9 plusieurs heures sur amazone \u00e0 la recherche d\u2019accessoires que je devais lui soumettre.<\/p>\n<p dir=\"ltr\" style=\"line-height: 2.16; margin-top: 0pt; margin-bottom: 15pt;\">J\u2019avais command\u00e9 des bas violets en laine (ma couleur pr\u00e9f\u00e9r\u00e9e) apr\u00e8s avoir check\u00e9 elle m&#8217;autorisa \u00e0 les commander. Apr\u00e8s m\u00fbres r\u00e9flexions je commandais aussi un corset de m\u00eames couleurs. Pour compl\u00e9ter ma tenue, encore une fois valid\u00e9e par Madame. Nous avions d\u00e9cid\u00e9 de planifier le jeu sur plusieurs jours, profitant de ma semaine de r\u00e9vision et de son appartement isol\u00e9.<\/p>\n<p dir=\"ltr\" style=\"line-height: 2.16; margin-top: 0pt; margin-bottom: 15pt;\">\u00a0Nous avions mis en place un contrat improvis\u00e9, et quelques r\u00e8gles pour pimenter le jeu, nous voulions augmenter la dur\u00e9e des jeux. J\u2019attendais impatiemment mais avec une certaine appr\u00e9hension le d\u00e9but de cette semaine, et la r\u00e9alisation de cette s\u00e9ance. L\u2019attente est parfois aussi douce que la r\u00e9alisation du fantasme surtout quand l\u2019accomplissement est imminent.<\/p>\n<p dir=\"ltr\" style=\"line-height: 2.16; margin-top: 0pt; margin-bottom: 15pt;\">Pour cette semaine une liste de r\u00e8gle \u00e9tait \u00e9tablie auquel je devais me plier sans rechigner. Apr\u00e8s plusieurs heures de route nous \u00e9tions donc arriv\u00e9s dans son appartement nous offrant l\u2019intimit\u00e9 n\u00e9cessaire \u00e0 une semaine de d\u00e9bauche.<\/p>\n<p dir=\"ltr\" style=\"line-height: 2.16; margin-top: 0pt; margin-bottom: 15pt;\">Je pris le temps de faire plusieurs allers-retours, de l&#8217;appartement \u00e0 la voiture, devant d\u00e9charger seul toutes les affaires. Ah les contraintes de la soumission&#8230; Ensuite je rangeais tout consciencieusement, la r\u00e9alisation \u00e9tait tellement proche que je tenais \u00e0 ne faire aucune erreur qui aurait pu retarder le d\u00e9but du jeu. Une fois l\u2019appartement pr\u00e9sentable, la totalit\u00e9 des accessoires rang\u00e9s religieusement sur une table proche du lit. Et un rapide m\u00e9nage effectu\u00e9 dans le studio de 15 m\u00e8tres carr\u00e9s avec balcon. J\u2019attendais nerveusement le d\u00e9but du jeu.<\/p>\n<p dir=\"ltr\" style=\"line-height: 2.16; margin-top: 0pt; margin-bottom: 15pt;\">Malicieuse elle \u00e9tait rest\u00e9e \u00e0 fl\u00e2ner sur le lit pendant que je m\u2019affairais \u00e0 tous les pr\u00e9paratifs. Une fois le rangement fini, j\u2019attendais impatiemment debout et penaud comme un enfant le matin de no\u00ebl attendant le feu vert pour d\u00e9baller ses cadeaux.<\/p>\n<p dir=\"ltr\" style=\"line-height: 2.16; margin-top: 0pt; margin-bottom: 15pt;\">Elle prit la peine de lever les yeux de son t\u00e9l\u00e9phone, faisant parcourir son regard dans la pi\u00e8ce symboliquement, elle prit \u00e0 peine le temps de v\u00e9rifier la qualit\u00e9 des pr\u00e9paratifs. Avant de clamer \u201cgame on\u201d. Elle m\u2019ordonna d\u2019aller chercher une trousse dans sa salle de bain, ce que je fis sans r\u00e9fl\u00e9chir, elle \u00e9tala son contenu sur le lit c\u2019\u00e9tait une trousse de maquillage. Je n\u2019avais pas pr\u00e9vu de pousser le jeu jusqu\u2019\u00e0 \u00e7a mais ma volont\u00e9 de contestation \u00e9tait annihil\u00e9e par l\u2019impatience.<\/p>\n<p dir=\"ltr\" style=\"line-height: 2.16; margin-top: 0pt; margin-bottom: 15pt;\">Elle aligna des vernis sur la couette et m&#8217;ordonna d\u2019en choisir un, prenant le temps de me montrer la couleur de chacun. J\u2019optais pour un violet, pas tr\u00e8s original et pr\u00e9visible j\u2019en ai conscience. Chacun de mes doigts en f\u00fbt recouvert, elle prenait la t\u00e2che tr\u00e8s \u00e0 c\u0153ur m\u2019en passant consciencieusement, v\u00e9rifiant \u00e0 chaque fois son travail.<\/p>\n<p dir=\"ltr\" style=\"line-height: 2.16; margin-top: 0pt; margin-bottom: 15pt;\">Une fois finis je pris le temps de d\u00e9couvrir la sensation comme une pellicule recouvrant les ongles, pas de mani\u00e8re g\u00eanante mais juste assez pr\u00e9sente pour la ressentir \u00e0 chaque mouvement de mes doigts.<\/p>\n<p dir=\"ltr\" style=\"line-height: 2.16; margin-top: 0pt; margin-bottom: 15pt;\">Une fois satisfaite elle se leva et fouillant dans le monceau d\u2019accessoires, elle y prit une laisse de couleur rouge, et la cage de chastet\u00e9. Elle s&#8217;allongea sur le lit et d\u2019un claquement de doigt me f\u00eet comprendre de les porter. Je n\u2019ai pas encore l\u2019habitude du port de la cage, je mets donc du temps \u00e0 la verrouiller. Si je la mets trop rapidement, j\u2019allais accentuer l\u2019inconfort et me maudire dans peu de temps. Je maugr\u00e9ais dans mes pens\u00e9es, une fois rendu dans la salle de bain m\u2019affairant \u00e0 mettre la cage, ne me rappelant pas pourquoi j\u2019avais sugg\u00e9r\u00e9 de l\u2019acheter.<\/p>\n<p dir=\"ltr\" style=\"line-height: 2.16; margin-top: 0pt; margin-bottom: 15pt;\">Une fois le chantier finis, je p\u00e9n\u00e9trais alors de nouveau dans la chambre. Je me mis en position d\u2019offrande \u00e0 genoux devant son lit. Tendant des deux mains la clef de la cage, les yeux riv\u00e9s sur le sol. J\u2019\u00e9tais hors de ma zone de confort et le jeu avait \u00e0 peine d\u00e9but\u00e9, je voulais me faire tout petit et je pense qu\u2019elle en avait bien conscience.<\/p>\n<p dir=\"ltr\" style=\"line-height: 2.16; margin-top: 0pt; margin-bottom: 15pt;\">Elle m\u2019ordonna de m\u2019asseoir sur le lit, me passa le corset compos\u00e9 d\u2019une multitude d\u2019attache qu\u2019elle noua dans mon dos. Elle alla chercher les bas que je me dis tel une relique, la sensation m\u2019\u00e9tait totalement inconnue et je savourais le contact sur ma peau, comme une deuxi\u00e8me couche agr\u00e9able. Elle paraissait satisfaite et regarda amus\u00e9e mon sexe comprim\u00e9 dans sa prison. Elle s\u2019\u00e9clipsa sans un mot avant de revenir avec une paire de talon. \u00ab\u00a0Prends-en soin, tu as de la chance de faire la m\u00eame pointure que moi\u00a0\u00bb, heureusement pour moi elle ne poussa pas le vice \u00e0 en choisir une paire trop difficile. C\u2019\u00e9tait une paire de bottine avec un talon \u00e9pais, parfait pour d\u00e9buter. Je les passais \u00e0 mon pied tout g\u00ean\u00e9. Je fis quelque pas devant son sourire amus\u00e9, j\u2019avan\u00e7ais \u00e0 petit pas par peur de tomber en me promettant int\u00e9rieurement de ne plus jamais me moquer des femmes se plaignant de la douleur caus\u00e9e par leur paire de talon \u00e0 la fin des soir\u00e9es.<\/p>\n<p dir=\"ltr\" style=\"line-height: 2.16; margin-top: 0pt; margin-bottom: 15pt;\">J\u2019\u00e9tais probablement rouge \u00e9carlate n\u2019osant plus croiser son regard, tout en marchant dans la pi\u00e8ce. Elle se leva se mit en face de moi afin de me forcer \u00e0 la regarder et avec un sourire narquois commenta son \u0153uvre \u00ab\u00a0\u00e7a te va bien ta tenue de salope, ne bouge pas\u00a0\u00bb. Elle me maquilla les yeux, et posa ensuite dans mes mains le plug vibrant ainsi que le lubrifiant. Je ne me fis pas prier pour le mettre avan\u00e7ant petit \u00e0 petit \u00e0 pas ma\u00eetris\u00e9 vers la salle de bain.<\/p>\n<p dir=\"ltr\" style=\"line-height: 2.16; margin-top: 0pt; margin-bottom: 15pt;\">Une \u00e9ni\u00e8me fois de retour dans la chambre, elle s\u2019amusa \u00e0 d\u00e9clencher \u00e0 distance le plug via la t\u00e9l\u00e9commande. \u00ab\u00a0Je devrai peut-\u00eatre t\u2019ordonner de sortir les poubelles, tu imagines si tu croises quelqu\u2019un dans la r\u00e9sidence, habill\u00e9 comme \u00e7a ?\u00a0\u00bb.<\/p>\n<p dir=\"ltr\" style=\"line-height: 2.16; margin-top: 0pt; margin-bottom: 15pt;\">Je savais que c\u2019\u00e9tait du bluff, mais je n\u2019en menais pas large\u2026, je ne r\u00e9pondis \u00e0 la fois frustr\u00e9 par ma cage et \u00e9moustill\u00e9 par la situation. \u00ab\u00a0J\u2019ai faim\u2026, va faire \u00e0 manger !\u00a0\u00bb, dit-elle blas\u00e9e avant de saisir un livre et de se plonger dans sa lecture.<\/p>\n<p dir=\"ltr\" style=\"line-height: 2.16; margin-top: 0pt; margin-bottom: 15pt;\">Je choisis de pr\u00e9parer du poulet curry avec du riz, la t\u00e2che \u00e9tant complexe du fait de la cuisine ne poss\u00e9dant qu\u2019un seul feu asmathique et peu d\u2019espace reli\u00e9 directement \u00e0 la chambre.<\/p>\n<p dir=\"ltr\" style=\"line-height: 2.16; margin-top: 0pt; margin-bottom: 15pt;\">Je devais encore m&#8217;acclimater \u00e0 ma tenue restrictive, faire attention \u00e0 chaque pas. Le corset enserrant ma taille je me baissais droit comme un piquet pour saisir le n\u00e9cessaire du repas. Pour ne rien arranger \u00e0 mon labeur elle s\u2019amusait \u00e0 actionner le plug de fa\u00e7on intermittente tout en continuant \u00e0 feuilleter son livre. Je portais un tablier et je devais faire tr\u00e8s attention \u00e0 ne pas t\u00e2cher ma tenue, elle m\u2019avait fait comprendre que le moindre accro \u00e0 la tenue auquel elle avait particip\u00e9 gracieusement serait s\u00e9v\u00e8rement punis.<\/p>\n<p dir=\"ltr\" style=\"line-height: 2.16; margin-top: 0pt; margin-bottom: 15pt;\">Malgr\u00e9 les difficult\u00e9s je m\u2019affaire concentr\u00e9 sur ma t\u00e2che, seulement perturb\u00e9 par les vibrations insidieuses, coupl\u00e9s \u00e0 ses demandes ponctuels de lui remplir son verre.<\/p>\n<p dir=\"ltr\" style=\"line-height: 2.16; margin-top: 0pt; margin-bottom: 15pt;\">Toute mon attention est port\u00e9e sur la r\u00e9alisation du repas, j\u2019ai tr\u00e8s peur de la d\u00e9cevoir. Une fois que je le juge pr\u00e9sentable je lui tends. G\u00e9n\u00e9ralement elle n\u2019est pas d\u00e9\u00e7ue de mes plats mais je la sens d\u2019humeur capricieuse. Je ne tiens pas \u00e0 lui donner une occasion de me punir.<\/p>\n<p dir=\"ltr\" style=\"line-height: 2.16; margin-top: 0pt; margin-bottom: 15pt;\">Elle le go\u00fbte para\u00eet satisfaite, je m\u2019appr\u00eate donc \u00e0 me servir une assiette pour \u00e0 mon tour d\u00e9guster le fruit de mon labeur. Elle s\u2019arr\u00eate soudain de manger et m\u2019interpelle-\u00ab\u00a0tu ne crois quand m\u00eame pas que tu vas manger dans une assiette ?\u00a0\u00bb.<\/p>\n<p dir=\"ltr\" style=\"line-height: 2.16; margin-top: 0pt; margin-bottom: 15pt;\">Je comprends instantan\u00e9ment que je ne poss\u00e8de pas ce luxe, elle ne m\u2019avait jamais ordonn\u00e9 encore de manger dans une gamelle \u00e0 m\u00eame le sol mais je m&#8217;ex\u00e9cute. Je me garde de montrer tout m\u00e9contentement et passe de longues minutes \u00e0 manger tant bien que mal. Affal\u00e9 aux pieds du lit.<\/p>\n<p dir=\"ltr\" style=\"line-height: 2.16; margin-top: 0pt; margin-bottom: 15pt;\">\u00c9videmment une fois ma gamelle \u00e0 peu pr\u00e8s consomm\u00e9e, je m\u2019affaire \u00e0 la vaisselle. Je remercie silencieusement ma bonne \u00e9toile qu\u2019elle n&#8217;ait pas exig\u00e9e que je la finisse compl\u00e8tement. Je commence \u00e0 avoir l\u2019habitude faire toutes les t\u00e2ches m\u00e9nag\u00e8res en sa pr\u00e9sence ainsi que les repas, ils ne me demandent plus autant d\u2019efforts, je le fais naturellement sans aucun rappel de sa part.<\/p>\n<p dir=\"ltr\" style=\"line-height: 2.16; margin-top: 0pt; margin-bottom: 15pt;\">Je suis fumeur, une fois la vaisselle finis je ne pense qu\u2019\u00e0 une chose allumer ce petit bout de vice. Elle le sait et ne se prive pas de prendre nonchalamment son paquet. Elle se dirige vers le balcon, l\u2019une des r\u00e8gles que nous avions fix\u00e9 ce week-end c\u2019est que je ne pouvais fumer sans son autorisation. Et j\u2019\u00e9tais cens\u00e9 nettoyer le cendrier et le tenir \u00e0 genoux \u00e0 chacune de ses pauses. Son balcon est assez \u00e9lev\u00e9 et ne poss\u00e8de pas de vis \u00e0 vis, mais je ne pensais qu\u2019elle m\u2019aurait fait sortir sur son balcon ainsi affubl\u00e9. Stress\u00e9 je la suis et m\u2019agenouille rapidement avec z\u00e8le en saisissant le cendrier. Je lui allume sa blonde comme \u00e0 l\u2019accoutum\u00e9 et fixe le sol. Heureusement pour moi une petite balustrade me masque et emp\u00eache les passants de voir la sc\u00e8ne.<\/p>\n<p dir=\"ltr\" style=\"line-height: 2.16; margin-top: 0pt; margin-bottom: 15pt;\">Elle tire des taffes moins rapidement que d\u2019habitude, je pense qu\u2019elle veut faire durer ma g\u00eane. Entre deux bouff\u00e9es elle me nargue, \u00ab\u00a0bah alors tu n\u2019as pas \u00e0 avoir honte de ta petite tenue\u00a0\u00bb, elle continue son monologue tout en fumant. \u00ab\u00a0Tu te rends compte que tu ne peux sortir d\u2019ici ainsi affubl\u00e9 ?\u00a0\u00bb, j\u2019imagine qu\u2019elle sourit les yeux toujours riv\u00e9s au sol et je sens son regard me parcourir. Elle \u00e9crase son m\u00e9got dans le cendrier et rentre dans la pi\u00e8ce, je m\u2019affaire \u00e0 le nettoyer une fois la baie-vitr\u00e9e ferm\u00e9e tandis qu\u2019elle prend la cravache pensive. \u00ab\u00a0Tu te souviens que tu dois prendre tes 50 coups de cravache ?\u00a0\u00bb, je fr\u00e9mis c\u2019est vrai que j\u2019avais faut\u00e9 et qu\u2019on avait not\u00e9 les punitions en retard sur mon carnet. Il est temps de passer \u00e0 la caisse, j\u2019ai presque envie de fuir la punition. Mais je doute de courir tr\u00e8s vite avec des talons et il m\u2019est impossible de quitter son appartement. Bien s\u00fbr je suis volontaire, mais ce petit d\u00e9tail psychologique m&#8217;\u00e9moustille.<\/p>\n<p dir=\"ltr\" style=\"line-height: 2.16; margin-top: 0pt; margin-bottom: 15pt;\">La suite de la semaine est moins acc\u00e8s sur la F\u00e9minisation bien que plusieurs fois j\u2019ai \u00e0 nouveau enfil\u00e9 cette tenue.<\/p>\n<p>\u00a0<\/p>\n","protected":false},"excerpt":{"rendered":"<p>Il y a de nombreuses pratiques que je n\u2019ai pas encore explor\u00e9, \u00eatre un soumis c\u2019est aussi parfois sortir de sa zone de confort. Os\u00e9 tenter des exp\u00e9riences dans lesquelles nous ne sommes pas forc\u00e9ment \u00e0 l\u2019aise, aujourd\u2019hui j\u2019ai d\u00e9cid\u00e9 d\u2019en retranscrire une qui m\u2019a particuli\u00e8rement marqu\u00e9. En \u00e9crivant ces lignes je dois me faire [&hellip;]<\/p>\n","protected":false},"author":1,"featured_media":0,"parent":0,"menu_order":0,"comment_status":"closed","ping_status":"closed","template":"","meta":{"footnotes":""},"class_list":["post-132","page","type-page","status-publish","hentry"],"aioseo_notices":[],"_links":{"self":[{"href":"https:\/\/sunblogbdsm.fr\/index.php?rest_route=\/wp\/v2\/pages\/132"}],"collection":[{"href":"https:\/\/sunblogbdsm.fr\/index.php?rest_route=\/wp\/v2\/pages"}],"about":[{"href":"https:\/\/sunblogbdsm.fr\/index.php?rest_route=\/wp\/v2\/types\/page"}],"author":[{"embeddable":true,"href":"https:\/\/sunblogbdsm.fr\/index.php?rest_route=\/wp\/v2\/users\/1"}],"replies":[{"embeddable":true,"href":"https:\/\/sunblogbdsm.fr\/index.php?rest_route=%2Fwp%2Fv2%2Fcomments&post=132"}],"version-history":[{"count":4,"href":"https:\/\/sunblogbdsm.fr\/index.php?rest_route=\/wp\/v2\/pages\/132\/revisions"}],"predecessor-version":[{"id":137,"href":"https:\/\/sunblogbdsm.fr\/index.php?rest_route=\/wp\/v2\/pages\/132\/revisions\/137"}],"wp:attachment":[{"href":"https:\/\/sunblogbdsm.fr\/index.php?rest_route=%2Fwp%2Fv2%2Fmedia&parent=132"}],"curies":[{"name":"wp","href":"https:\/\/api.w.org\/{rel}","templated":true}]}}