{"id":123,"date":"2023-06-04T17:01:35","date_gmt":"2023-06-04T15:01:35","guid":{"rendered":"https:\/\/sunblogbdsm.fr\/?page_id=123"},"modified":"2023-06-04T17:02:03","modified_gmt":"2023-06-04T15:02:03","slug":"fetish","status":"publish","type":"page","link":"https:\/\/sunblogbdsm.fr\/?page_id=123","title":{"rendered":"Fetish"},"content":{"rendered":"<p dir=\"ltr\" style=\"line-height: 2.16; margin-top: 0pt; margin-bottom: 15pt;\">Les m\u00e9andres de la perversion ne cesseront jamais de me passionner, alors m\u00eame que l\u2019on pense \u00eatre honn\u00eate envers soi-m\u00eame, que l\u2019on estime avoir accept\u00e9 avec bienveillance les vices qui composent notre jouissance, il nous arrive encore de faire des d\u00e9couvertes.<\/p>\n<p dir=\"ltr\" style=\"line-height: 2.16; margin-top: 0pt; margin-bottom: 15pt;\">Apr\u00e8s m\u2019\u00eatre document\u00e9 sur le f\u00e9tichisme, j\u2019avais conclu qu\u2019un f\u00e9tichiste peut porter son attention sur divers terrains de jeux. Que ce soit des mati\u00e8res, des pi\u00e8ces particuli\u00e8res ,des chaussures, etc. Les sensations, le visuel que la muse f\u00e9tiche procure, semblaient \u00eatre in\u00e9galables dans chacun des t\u00e9moignages recens\u00e9s. Les experts interrog\u00e9s s\u2019accordaient sur un point, le fetish est caract\u00e9ris\u00e9 comme un objet de d\u00e9sir, procurant une satisfaction sexuelle, de tels artefacts pouvant parfois accaparer toute la sexualit\u00e9 des \u00e9lus.<\/p>\n<p dir=\"ltr\" style=\"line-height: 2.16; margin-top: 0pt; margin-bottom: 15pt;\">C\u2019est avec envie que je d\u00e9taillais le f\u00e9tichiste assum\u00e9, d\u2019un caract\u00e8re aventureux, et \u00e9panouis, ayant trouv\u00e9 compagne ou compagnon partageant sa passion d\u00e9vorante.. Fier devant la cam\u00e9ra, il \u00e9tale et pr\u00e9sente les tr\u00e9sors de sa collection personnelle, ses yeux sont remplis d\u2019\u00e9motions alors qu\u2019il d\u00e9balle les pr\u00e9cieuses pi\u00e8ces. Une anecdote agr\u00e9mente chaque objet, devant la pile grandissante. Pervers accomplis se noyant avec d\u00e9lectation dans le fleuve de ses souvenirs.<\/p>\n<p dir=\"ltr\" style=\"line-height: 2.16; margin-top: 0pt; margin-bottom: 15pt;\">Loin de moi tout jugement mais j\u2019imagine que certains, ou certaines, ont eu moins de chance et ont refoul\u00e9 leurs f\u00e9tichismes. Certains sont plus faciles que d\u2019autres \u00e0 assumer, et soumis aux particularit\u00e9s de vie de chacun. J\u2019imagine parfois que certains assouvissent leurs pulsions dans le plus grand secret. Tel une m\u00e8re de famille profitant d\u2019un moment de r\u00e9pit, suite \u00e0 de nombreux mois de durs labeurs. Elle v\u00e9rifie bien que la maison est vide, et approche timidement, mais avec excitation, la bo\u00eete au grenier sous le fatras d\u2019affaires accumul\u00e9es au fil des ann\u00e9es. Elle enfile alors sa tenue de latex religieusement conserv\u00e9 et la porte une journ\u00e9e. Loin du regard inquisiteur de son mari \u00e0 qui elle n\u2019a jamais os\u00e9e confier ce vice secret ch\u00e9ri depuis tant d\u2019ann\u00e9es.<\/p>\n<p dir=\"ltr\" style=\"line-height: 2.16; margin-top: 0pt; margin-bottom: 15pt;\">La digression est un plaisir que j\u2019appr\u00e9cie de plus en plus, mais ce qui m\u2019est apparu au fil de ces recherches, c\u2019est que je mourrais d\u2019envie moi aussi d\u2019essayer l\u2019une de ces tenues. Comment avais-je pu oublier?! Comment osais-je ne pas l\u2019avoir encore fait ? Certes il est vrai que je me perds parfois pendant des heures sur des blogs f\u00e9tichistes de tenue serr\u00e9es, latex, enclosure, cuir et compagnie, et que mon premier pseudo \u00e9t\u00e9 compos\u00e9 d\u2019un \u00ab tight \u00bb, comment avais-je pu autant me voiler la face, et ne pas faire de lien avec mes propres envies ? Je plongeais alors dans l\u2019une de mes merveilleuses introspections remontant la piste des indices que j\u2019avais inconsciemment dissimul\u00e9s. Deux souvenirs me sont remont\u00e9s particuli\u00e8rement, que je vais exposer avec d\u00e9lectation et \u00e9motion.<\/p>\n<p dir=\"ltr\" style=\"line-height: 2.16; margin-top: 0pt; margin-bottom: 15pt;\">Le premier remonte \u00e0 ma plus tendre jeunesse, \u00e0 l\u2019\u00e9cole maternelle pour ainsi dire. Une journ\u00e9e par semaine \u00e9tait consacr\u00e9e aux rollers. Ou plut\u00f4t son anc\u00eatre moins sophistiqu\u00e9, patin grossier nous permettant de go\u00fbter aux sports de glisse. Un petit groupe \u00e9tait s\u00e9lectionn\u00e9 afin de permettre une pratique s\u00e9curis\u00e9e, les enfants \u00e9taient alors mis en rang et les \u201cdames de services\u201d s\u2019assuraient qu\u2019ils soient bien prot\u00e9g\u00e9s. Nous \u00e9tions rev\u00eatus d\u2019une armure enti\u00e8re et de protections int\u00e9grales. Alors que le bruit des scratchs fixateurs r\u00e9sonnaient encore dans ma t\u00eate, j\u2019\u00e9tais envahi par une \u00e9trange sensation de bien-\u00eatre que je ne comprenais que vaguement. En effet le contact serr\u00e9 de cette tenue me prodiguait un agr\u00e9able sentiment, je profitais de l\u2019activit\u00e9 comme un damn\u00e9, et ressentis une immense d\u00e9ception quand celle-ci prit alors fin. Je n\u2019avais qu\u2019une envie c\u2019est d\u2019\u00e0 nouveau \u00e9prouver une telle sensation, c\u2019est le c\u0153ur lourd que j\u2019abandonnais ce contact sur ma peau avant d\u2019enfouir ce souvenir dans les m\u00e9andres de ma m\u00e9moire.<\/p>\n<p dir=\"ltr\" style=\"line-height: 2.16; margin-top: 0pt; margin-bottom: 15pt;\">Le second souvenir est beaucoup plus r\u00e9v\u00e9lateur, j\u2019arpentais le CDI de mon coll\u00e8ge durant les heures de permanences obligatoires. Alors que je fouillais dans les bacs \u00e0 bandes dessin\u00e9es, une attira alors mon regard, la couverture \u00e9trange r\u00e9veilla alors ce m\u00eame sentiment que j\u2019avais \u00e9prouv\u00e9 bien des ann\u00e9es auparavant. Une femme enti\u00e8rement recouverte d\u2019une combinaison moulante posait devant une ville futuriste. Une sorte de masque \u00e0 gaz recouvrait son visage et elle semblait fuir une situation dangereuse. Pour un tel accoutrement ? Aucune parcelle de sa peau n\u2019\u00e9tait visible, je fixais la couverture hypnotis\u00e9. Elle devait mourir de chaud dans une telle tenue, que ressentait-elle ? Qu\u2019elle \u00e9tait la sensation que sa peau devait ressentir au contact de cette combinaison futuriste ? Je prenais le livre, f\u00e9brile et m\u2019isolait alors pour lire en toute qui\u00e9tude. Le livre prenait alors la dimension d\u2019un \u00e9trange grimoire, comme si sa lecture \u00e9t\u00e9 prohib\u00e9e. Si jamais quelqu\u2019un au cours de sa lecture reconna\u00eet cette bande dessin\u00e9e pri\u00e8re de me donner son nom, je meurs d\u2019envie de la relire, mais je n\u2019ai aucune id\u00e9e de son auteur ou bien de son titre, les images sont cependant grav\u00e9es dans ma m\u00e9moire.<\/p>\n<p dir=\"ltr\" style=\"line-height: 2.16; margin-top: 0pt; margin-bottom: 15pt;\">Une jeune femme se retrouve entra\u00een\u00e9e contre son gr\u00e9 dans une soci\u00e9t\u00e9 futuriste et totalitaire, apr\u00e8s avoir atterri en urgence, elle est accueillie par des militaires qui poss\u00e8dent une tenue compl\u00e8te similaire \u00e0 celle de la couverture elle est emmen\u00e9e dans une sorte d\u2019h\u00f4pital. Malgr\u00e9 ses protestations, et son incompr\u00e9hension flagrante, elle rev\u00eatira une tenue de couleur jaune enti\u00e8rement herm\u00e9tique et extr\u00eamement moulante soit disant pour la prot\u00e9ger des germes et autres impuret\u00e9s. Elle tente de r\u00e9sister vainement tandis que les m\u00e9decins eux aussi enti\u00e8rement rev\u00eatu d\u2019une tenue moulante blanche ressemblant fortement \u00e0 du latex ignorent ses efforts. Elle sera qualifi\u00e9e d\u2019hyst\u00e9rique et une fois endormis \u00e0 l\u2019aide d\u2019un s\u00e9datif sera enti\u00e8rement enferm\u00e9e dans sa tenue. Toute la soci\u00e9t\u00e9 du livre est bas\u00e9e sur ce genre de tenues, je soup\u00e7onne fortement l\u2019auteur d\u2019\u00eatre un f\u00e9tichiste accompli, son livre m\u2019a marqu\u00e9 profond\u00e9ment.<\/p>\n<p dir=\"ltr\" style=\"line-height: 2.16; margin-top: 0pt; margin-bottom: 15pt;\">Les couleurs des tenues d\u00e9signaient les diff\u00e9rentes figures d\u2019autorit\u00e9s sinon il aurait \u00e9t\u00e9 incapable de les diff\u00e9rencier leurs masques \u00e9tant tous similaires, la femme est introduite dans cette soci\u00e9t\u00e9 de force, et tentera d\u00e8s son r\u00e9veil de se soustraire de sa combinaison sans succ\u00e8s. Elle fera tout pour fuir cette ville \u00e9trange le reste est assez confus dans mes souvenirs. Mais il me semble qu\u2019elle y parvient.<\/p>\n<p dir=\"ltr\" style=\"line-height: 2.16; margin-top: 0pt; margin-bottom: 15pt;\">Une histoire compos\u00e9e d\u2019une prisonni\u00e8re r\u00e9ticente et de tenues f\u00e9tichistes ? De la dynamite dans les mains d\u2019un ado pr\u00e9pub\u00e8re d\u00e9couvrant ses penchants particuliers. J\u2019ai lu plusieurs fois d\u2019affil\u00e9es cette bande dessin\u00e9e fascin\u00e9 par les courbes de l\u2019h\u00e9ro\u00efne, compl\u00e8tement charm\u00e9 par sa d\u00e9tresse et sa captivit\u00e9 forc\u00e9e. Sans me l\u2019avouer, je fantasmais compl\u00e8tement sur sa tenue, et r\u00eavais d\u2019\u00eatre \u00e0 sa place. Je n\u2019aurais jamais fui cette \u00e9trange plan\u00e8te mais aurais \u00e9pous\u00e9 \u00e0 merveille les contraintes vestimentaires de ce r\u00e9gime totalitaire f\u00e9tichiste.<\/p>\n<p dir=\"ltr\" style=\"line-height: 2.16; margin-top: 0pt; margin-bottom: 15pt;\">Apr\u00e8s des ann\u00e9es de fantasmes, et avoir repouss\u00e9 cette exp\u00e9rience, je me devais d\u2019aller au bout de mon questionnement et de trouver moi aussi les cl\u00e9s de mon fetish hibernant patiemment au fond de mon \u00eatre.<\/p>\n<p dir=\"ltr\" style=\"line-height: 2.16; margin-top: 0pt; margin-bottom: 15pt;\">Apr\u00e8s plusieurs mois pass\u00e9s sous le d\u00e9licieux joug de Comtesse, je prenais peu \u00e0 peu en confiance, ce qui fit \u00e9merger ces envies refoul\u00e9es. C\u2019est avec une \u00e9norme appr\u00e9hension que j\u2019osais un soir montrer \u00e0 ma muse autoritaire, photos et dessins de tenues me faisant fantasmer. Elle regarda avec attention la chose, et m\u2019encouragea \u00e0 exp\u00e9rimenter dans cette voie, elle ne semblait pas choqu\u00e9e, et prit le temps de me rassurer. Le lendemain, je commandais avec fr\u00e9n\u00e9sie sur le net, jock-strap, harnais de jambes et de torse, gants, bas, et divers accessoires que je ne m\u2019\u00e9tais jamais autoris\u00e9. Je faisais mon shopping avec s\u00e9rieux r\u00e9fl\u00e9chissant aux mati\u00e8res que je d\u00e9sirais d\u00e9couvrir, et \u00e0 l\u2019harmonie des diff\u00e9rents ensemble. La matin\u00e9e passa en un instant et je fantasmais un long mois en attendant l\u2019arriv\u00e9e des accessoires. Les colis s\u2019entassaient dans mon petit appartement. Et je les ouvrais avec soin et d\u00e9lectation. Je restais silencieux en caressant ma premi\u00e8re pi\u00e8ce de latex, une cagoule, et savourais l\u2019attente avant de la mettre. Je l\u2019enfilais devant un miroir et admirais mon nouveau visage. Son enrobage noir me transportait dans une contr\u00e9e de plaisir, transformant tout mon \u00eatre, le sublimant via un rendu immacul\u00e9e et inexistant dans la nature. Je me sentais tel un personnage de fiction, un servant sexuel \u00e9chapp\u00e9 d\u2019un harem. Et je tremblais en essayant d\u2019autres mati\u00e8res. Le contact des bas sur mes jambes me fit frissonner de d\u00e9lice, et je savourais mon nouveau reflet. Je me reconnaissais \u00e0 peine avec mes jambes sublim\u00e9es et divers contours liss\u00e9s. Je choisissais diverses combinaisons laissant transpara\u00eetre des muscles seyants, merveilleuse dichotomie de noir nacr\u00e9, et de peau se soulevant sous l\u2019excitation. J\u2019apprivoisais le r\u00e9sultat dans la glace, mais le plaisir que je ressentais ne laissait aucun doute quant \u00e0 ma satisfaction extr\u00eame, il ne me restait plus qu\u2019\u00e0 montrer le r\u00e9sultat \u00e0 Comtesse.<\/p>\n<p dir=\"ltr\" style=\"line-height: 2.16; margin-top: 0pt; margin-bottom: 15pt;\">Je commen\u00e7ais par prendre diverses photos dans diff\u00e9rents angles. Je passais une bonne demi-heure avant d\u2019envoyer quelques clich\u00e9s satisfaisants. Le f\u00e9tichisme est un plaisir tr\u00e8s \u00e9go\u00efste et j\u2019\u00e9tais pr\u00eat \u00e0 faire marche arri\u00e8re si Comtesse se r\u00e9v\u00e9lait peu int\u00e9ress\u00e9 par le processus. Une brise chaude envahit mon c\u0153ur \u00e0 la lecture de ses r\u00e9ponses enjou\u00e9es. Elle adorait le r\u00e9sultat, et me sommait d\u2019apporter ces tenues lors de nos prochaines rencontres, je me couchais compl\u00e8tement ext\u00e9nu\u00e9 et ravis et m\u2019endormais d\u2019une traite.<\/p>\n<p dir=\"ltr\" style=\"line-height: 2.16; margin-top: 0pt; margin-bottom: 15pt;\">S\u2019est berc\u00e9 dans les bras de divine Comtesse que je savourais la joie de ce succ\u00e8s, elle appr\u00e9ciait mes efforts pour me rendre d\u00e9sirable. Et me complimentais m\u00eame sur la douceur de certaines pi\u00e8ces qu\u2019elle appr\u00e9ciait sentir contre sa peau. Je respirais paisiblement compl\u00e8tement combl\u00e9, alors que sa main caressait mes cheveux. Je somnolais avec excitation dans l\u2019une de mes tenues favorites. Je savourais chaque pulsation de mon c\u0153ur, des gants et bas noirs diffusaient une douce chaleur sur chaque parcelle de ma peau recouverte. Ma respiration \u00e9tait alourdie par un serre-taille, et le reste de mon dos repos\u00e9 contre la d\u00e9licate peau de Comtesse, j\u2019avais l\u2019impression de reposer dans un nuage cotonneux et n\u2019arrivait pas \u00e0 exprimer ma joie par des mots. Je me contentais de savourer chaque instant comme un tr\u00e9sor.<\/p>\n<p dir=\"ltr\" style=\"line-height: 2.16; margin-top: 0pt; margin-bottom: 15pt;\">Je me sentais alors pousser des ailes et osait m\u00eame mettre mes tenues ador\u00e9es par-dessous des habits de ville. Le trajet prenait une tout autre allure jusqu\u2019\u00e0 la demeure de Comtesse. Des pas l\u00e9gers restreint par l\u2019harnais de jambe m\u2019\u00e9moustillaient \u00e0 chaque pas. Le frottement des bas contre mon pantalon. Mes fesses nues dans un jock-strap reposant contre la vitre du m\u00e9tro. Je me concentrais pour me faire discret, respirant aussi calmement que je le pouvais, chaque expiration me provoquait de douces d\u00e9charges de plaisirs, mes abdos \u00e9tant contract\u00e9s sous un serre-taille \u00e9quilibr\u00e9. J\u2019\u00e9tais vraiment tr\u00e8s satisfait par le fait de porter un masque chirurgical pour cacher ma g\u00eane et mon plaisir. Je souffrais avec d\u00e9lectation du frottement des pinces contre mon col roul\u00e9 noir. J\u2019avais choisi un angle discret de la rame et fixais mon reflet avec un regard presque neutre, adaptant mon langage corporel pour me faire le plus discret possible. Jambes serr\u00e9es, dos droit, petites inspirations, luttant contre une \u00e9rection involontaire, la chastet\u00e9 ne m\u2019aidant absolument pas \u00e0 garder mon calme. Je marchais d\u2019un pas lent et distingu\u00e9 jusqu\u2019\u00e0 chez Comtesse fier de ma nouvelle exp\u00e9rience, et ne d\u00e9sirait qu\u2019une chose arriver tr\u00e8s vite et me jeter \u00e0 ses pieds. Oh doux f\u00e9tichisme apprivois\u00e9, comment avais-je pu te repousser tant d\u2019ann\u00e9es ?<\/p>\n<p>\u00a0<\/p>\n","protected":false},"excerpt":{"rendered":"<p>Les m\u00e9andres de la perversion ne cesseront jamais de me passionner, alors m\u00eame que l\u2019on pense \u00eatre honn\u00eate envers soi-m\u00eame, que l\u2019on estime avoir accept\u00e9 avec bienveillance les vices qui composent notre jouissance, il nous arrive encore de faire des d\u00e9couvertes. Apr\u00e8s m\u2019\u00eatre document\u00e9 sur le f\u00e9tichisme, j\u2019avais conclu qu\u2019un f\u00e9tichiste peut porter son attention [&hellip;]<\/p>\n","protected":false},"author":1,"featured_media":0,"parent":0,"menu_order":0,"comment_status":"closed","ping_status":"closed","template":"","meta":{"footnotes":""},"class_list":["post-123","page","type-page","status-publish","hentry"],"aioseo_notices":[],"_links":{"self":[{"href":"https:\/\/sunblogbdsm.fr\/index.php?rest_route=\/wp\/v2\/pages\/123"}],"collection":[{"href":"https:\/\/sunblogbdsm.fr\/index.php?rest_route=\/wp\/v2\/pages"}],"about":[{"href":"https:\/\/sunblogbdsm.fr\/index.php?rest_route=\/wp\/v2\/types\/page"}],"author":[{"embeddable":true,"href":"https:\/\/sunblogbdsm.fr\/index.php?rest_route=\/wp\/v2\/users\/1"}],"replies":[{"embeddable":true,"href":"https:\/\/sunblogbdsm.fr\/index.php?rest_route=%2Fwp%2Fv2%2Fcomments&post=123"}],"version-history":[{"count":7,"href":"https:\/\/sunblogbdsm.fr\/index.php?rest_route=\/wp\/v2\/pages\/123\/revisions"}],"predecessor-version":[{"id":131,"href":"https:\/\/sunblogbdsm.fr\/index.php?rest_route=\/wp\/v2\/pages\/123\/revisions\/131"}],"wp:attachment":[{"href":"https:\/\/sunblogbdsm.fr\/index.php?rest_route=%2Fwp%2Fv2%2Fmedia&parent=123"}],"curies":[{"name":"wp","href":"https:\/\/api.w.org\/{rel}","templated":true}]}}