{"id":114,"date":"2023-06-04T17:00:37","date_gmt":"2023-06-04T15:00:37","guid":{"rendered":"https:\/\/sunblogbdsm.fr\/?page_id=114"},"modified":"2023-06-04T17:01:06","modified_gmt":"2023-06-04T15:01:06","slug":"gifles","status":"publish","type":"page","link":"https:\/\/sunblogbdsm.fr\/?page_id=114","title":{"rendered":"Gifles"},"content":{"rendered":"<p dir=\"ltr\" style=\"line-height: 2.16; margin-top: 0pt; margin-bottom: 15pt;\">Il m\u2019est parfois difficile de conter mes exp\u00e9riences, tant elles me paraissent fades au regard des autres blogs que je lis avec avidit\u00e9.<\/p>\n<p dir=\"ltr\" style=\"line-height: 2.16; margin-top: 0pt; margin-bottom: 15pt;\">J\u2019ai r\u00e9cemment d\u00e9couvert le blog de Mademoiselle Emilie dont la plume m\u2019a laiss\u00e9 pantois, outre sa grande exp\u00e9rience, ses r\u00e9cits sont d\u00e9crits avec rigueur et d\u00e9taill\u00e9s.<\/p>\n<p dir=\"ltr\" style=\"line-height: 2.16; margin-top: 0pt; margin-bottom: 15pt;\">On s\u2019imagine ais\u00e9ment spectateur de son r\u00e9cit, on entre facilement dans la peau des personnages, les enviant parfois, ou bien l\u2019on tremble d\u2019aise face \u00e0 leurs tourments seulement imagin\u00e9s bien au chaud dans notre lit. On entrevoit la pens\u00e9e inh\u00e9rente de la Dominante, son sadisme et sa prestance, ce qui est un vrai r\u00e9gal.<\/p>\n<p dir=\"ltr\" style=\"line-height: 2.16; margin-top: 0pt; margin-bottom: 15pt;\">Je vous conseille aussi le blog de Sophie SM, bien qu\u2019ils soient drastiquement diff\u00e9rents, la qualit\u00e9 de l\u2019\u00e9criture de ces blogs m\u2019a interpell\u00e9 et je ne peux que vous encourager \u00e0 aller d\u00e9couvrir leurs r\u00e9cits.<\/p>\n<p dir=\"ltr\" style=\"line-height: 2.16; margin-top: 0pt; margin-bottom: 15pt;\">C\u2019est en lisant toutes ces lignes que je me rem\u00e9more une parole que j\u2019ai entendu \u00e0 un Munch de Rennes, \u201cIl y a autant de BDSM que de personnes\u201d, bien que l\u2019on puisse imaginer un socle commun majoritaire que ce soit dans la communication, les safes words, la consensualit\u00e9 des relations propres au monde BDSM. Il est vrai que chaque relation est diff\u00e9rente, que ce soit les expectations d\u2019une Dominante, sa complicit\u00e9 avec son soumis. Les pratiques, les f\u00e9tichismes, la vision et les attentes sont d\u2019autant plus vari\u00e9s qu\u2019il y a de personnalit\u00e9s.<\/p>\n<p dir=\"ltr\" style=\"line-height: 2.16; margin-top: 0pt; margin-bottom: 15pt;\">Je m\u2019\u00e9gare, je digresse mais il me paraissait important de faire de la pub \u00e0 ces blogs, bien que je ne doute pas qu\u2019ils poss\u00e8dent d\u00e9j\u00e0 un grand public fid\u00e8le et aussi impatient que moi.<\/p>\n<p dir=\"ltr\" style=\"line-height: 2.16; margin-top: 0pt; margin-bottom: 15pt;\">Je disais donc, mes exp\u00e9riences me paraissent fades, ou plut\u00f4t moins impressionnantes que les blogs que je fr\u00e9quente assid\u00fbment.<\/p>\n<p dir=\"ltr\" style=\"line-height: 2.16; margin-top: 0pt; margin-bottom: 15pt;\">Peut-\u00eatre est-ce li\u00e9 \u00e0 mon manque de confiance lorsque je dialogue avec des Dominas exp\u00e9riment\u00e9es, ma situation d\u2019\u00e9tudiant ou bien que sais-je, laissons ce mode de pens\u00e9e externe au placard, promis je me concentre sur les faits.<\/p>\n<p dir=\"ltr\" style=\"line-height: 2.16; margin-top: 0pt; margin-bottom: 15pt;\">Je ne fr\u00e9quente pas les donjons, les soir\u00e9es de la communaut\u00e9, et je ne me rends que rarement \u00e0 des \u00e9v\u00e9nements quand ils sont en ad\u00e9quation avec mon emploi du temps. La plupart de mes exp\u00e9riences sont donc avec des personnes moyennement, peu ou pas exp\u00e9riment\u00e9es, je me r\u00e9serve les choses cit\u00e9es plus haut pour je l\u2019esp\u00e8re dans un futur proche.<\/p>\n<p dir=\"ltr\" style=\"line-height: 2.16; margin-top: 0pt; margin-bottom: 15pt;\">J\u2019ai fr\u00e9quent\u00e9 une jeune fille de mon \u00e2ge, la vingtaine, dans ce qui a commenc\u00e9 comme une relation vanille. Les choses durant, j\u2019ai subrepticement r\u00e9ussi \u00e0 aborder la question de mes penchants. Curieuse elle accepte de s&#8217;adonner \u00e0 quelques petits jeux, et y prend go\u00fbt.<\/p>\n<p dir=\"ltr\" style=\"line-height: 2.16; margin-top: 0pt; margin-bottom: 15pt;\">Le temps passant on d\u00e9cide de corser les choses, de mani\u00e8re occasionnelle ne pouvant pas le pratiquer autant que nous le voulons pour diverses raisons pratiques.<\/p>\n<p dir=\"ltr\" style=\"line-height: 2.16; margin-top: 0pt; margin-bottom: 15pt;\">Je vais citer principalement des exp\u00e9riences que j\u2019ai eu la chance de vivre \u00e0 ses c\u00f4t\u00e9s. Nous avions d\u00e9cid\u00e9 de d\u00e9finir des plages horaires de jeux, de d\u00e9finir des heures pr\u00e9cises ou bien d\u2019utiliser le terme \u201cgame on\u201d et \u201cgame off\u201d pour pouvoir vous vous le doutez, commencer le jeu ou bien le mettre en pause. Ne me sentant plus l\u2019\u00e2me d\u2019un Dominant depuis longtemps, elle a gracieusement endoss\u00e9 le r\u00f4le de Dominante.<\/p>\n<p dir=\"ltr\" style=\"line-height: 2.16; margin-top: 0pt; margin-bottom: 15pt;\">Je ne suis pas un homme parfait, l\u2019homme parfait n\u2019existe pas et le soumis parfait non plus. Si vous le rencontrez, contactez-moi pour qu\u2019il me donne des cours.<\/p>\n<p dir=\"ltr\" style=\"line-height: 2.16; margin-top: 0pt; margin-bottom: 15pt;\">On se fr\u00e9quente depuis quelque temps et quand l\u2019occasion se pr\u00e9sente nous pratiquons gentiment, presque trop gentiment. Je lui avais confi\u00e9 de la lecture pour qu\u2019elle puisse se faire sa propre vision et attentes en mati\u00e8re de Domination. Et un jour dans un \u00e9lan de virilit\u00e9 ou bien de stupidit\u00e9, \u00e0 vous de voir je d\u00e9cide de la faire sortir de ses gonds, histoire de voir si je peux vraiment l\u2019\u00e9nerver.<\/p>\n<p dir=\"ltr\" style=\"line-height: 2.16; margin-top: 0pt; margin-bottom: 15pt;\">Nous \u00e9tions dans sa maison familiale, apr\u00e8s avoir fum\u00e9 une cigarette \u00e0 l\u2019ext\u00e9rieur alors qu\u2019une partie de sa famille prenait le th\u00e9. Alors qu\u2019elle empoigne la poign\u00e9e de sa porte d&#8217;entr\u00e9e je d\u00e9cide de lui claquer avec vigueur les fesses, un geste qui ne me ressemble pas mais j\u2019\u00e9tais surement poss\u00e9d\u00e9 par un esprit macho vengeur.<\/p>\n<p dir=\"ltr\" style=\"line-height: 2.16; margin-top: 0pt; margin-bottom: 15pt;\">Je souriais alors qu\u2019elle se retournait mi- surprise, mi- interrogative, je n\u2019avais pas fait beaucoup d\u2019efforts dans nos pr\u00e9c\u00e9dents jeux, et je me pensais \u00e0 l\u2019abri de repr\u00e9sailles avant un petit moment, du fait de la pr\u00e9sence de sa famille.<\/p>\n<p dir=\"ltr\" style=\"line-height: 2.16; margin-top: 0pt; margin-bottom: 15pt;\">Elle rentre sans un mot, alors que mon esprit vagabonde d\u00e9j\u00e0 \u00e0 autre chose, et alors que je m\u2019appr\u00eate \u00e0 p\u00e9n\u00e9trer dans sa salle elle me saisit fermement la main.<\/p>\n<p dir=\"ltr\" style=\"line-height: 2.16; margin-top: 0pt; margin-bottom: 15pt;\">Je la regarde interloqu\u00e9, et vois alors un regard qu\u2019elle n\u2019a jamais eu mi- sadique, mi- \u00e9nerv\u00e9e, elle me murmure \u201cgame on\u201d, et m\u2019ordonne de monter \u00e0 l\u2019\u00e9tage dans une chambre s\u00e8chement.<\/p>\n<p dir=\"ltr\" style=\"line-height: 2.16; margin-top: 0pt; margin-bottom: 15pt;\">A la fois amus\u00e9 et je l\u2019avoue un peu stress\u00e9 je monte rapidement les marches de son escalier, avant de me mettre \u00e0 genoux face \u00e0 son lit, le regard au sol en p\u00e9n\u00e9trant dans sa chambre. (R\u00e8gles dont nous avions convenu lors de pr\u00e9c\u00e9dents jeux)<\/p>\n<p dir=\"ltr\" style=\"line-height: 2.16; margin-top: 0pt; margin-bottom: 15pt;\">Elle rentre lentement prend le temps de fermer sa porte, \u00e7a ne dure que quelques secondes mais elle prend \u00e9trangement son temps. Elle me fait languir et s&#8217;assoit nonchalamment en face de moi n\u2019ayant en visuel que ses pieds j\u2019attends impatient qu\u2019elle prenne la parole.<\/p>\n<p dir=\"ltr\" style=\"line-height: 2.16; margin-top: 0pt; margin-bottom: 15pt;\">Sa voix se fait s\u00e8che, elle s\u2019exprime avec un ton qu\u2019elle n\u2019a jamais pris auparavant :<\/p>\n<p dir=\"ltr\" style=\"line-height: 2.16; text-align: center; margin-top: 0pt; margin-bottom: 15pt;\">\u00ab\u00a0Pourquoi tu as fait \u00e7a ?\u00a0\u00bb.<\/p>\n<p dir=\"ltr\" style=\"line-height: 2.16; margin-top: 0pt; margin-bottom: 15pt;\">Je commence \u00e0 regretter mon acte sur l\u2019instant, je n\u2019avais jamais imagin\u00e9 qu\u2019un geste si anodin pourrait la courroucer \u00e0 ce point bien que c\u2019\u00e9tait exactement ce que je recherchais.<\/p>\n<p dir=\"ltr\" style=\"line-height: 2.16; margin-top: 0pt; margin-bottom: 15pt;\">Je rel\u00e8ve l\u00e9g\u00e8rement la t\u00eate en sortant la premi\u00e8re b\u00eatise qui me passe par la t\u00eate :<\/p>\n<p dir=\"ltr\" style=\"line-height: 2.16; text-align: center; margin-top: 0pt; margin-bottom: 15pt;\">\u00ab\u00a0Je ne sais pas\u00a0\u00bb.<\/p>\n<p dir=\"ltr\" style=\"line-height: 2.16; margin-top: 0pt; margin-bottom: 15pt;\">Premi\u00e8re erreur, je rel\u00e8ve la t\u00eate bien qu\u2019elle ne m\u2019ait pas autoris\u00e9 \u00e0 le faire, une gifle magistrale vient me sonner la joue droite, elle encha\u00eene sans me laisser le temps de comprendre sur la gauche.<\/p>\n<p dir=\"ltr\" style=\"line-height: 2.16; margin-top: 0pt; margin-bottom: 15pt;\">Je suis surpris et incapable de r\u00e9agir je baisse instinctivement la t\u00eate, elle reprend alors la parole :<\/p>\n<p dir=\"ltr\" style=\"line-height: 2.16; text-align: center; margin-top: 0pt; margin-bottom: 15pt;\">\u00ab\u00a0Tu ne sais pas ? ou tu ne veux pas r\u00e9pondre ? moi je pense que tu voulais simplement m\u2019\u00e9nerver et tu as r\u00e9ussi\u2026\u00a0\u00bb<\/p>\n<p dir=\"ltr\" style=\"line-height: 2.16; margin-top: 0pt; margin-bottom: 15pt;\">\u00a0Elle me rel\u00e8ve le menton, son regard p\u00e9tillant est plong\u00e9 dans le mien, je me suis sentis comme d\u00e9vor\u00e9 du regard par un pr\u00e9dateur. Les joues chauff\u00e9es par sa paire de gifles, je dois avoir un regard m\u00e9dus\u00e9.<\/p>\n<p dir=\"ltr\" style=\"line-height: 2.16; margin-top: 0pt; margin-bottom: 15pt;\">Je n\u2019ai pas l\u2019habitude de me prendre des gifles, c\u2019est une grande premi\u00e8re et cela me perturbe au plus haut point. Elle m\u2019en ass\u00e8ne deux paires suppl\u00e9mentaires imperturbables, et commente :<\/p>\n<p dir=\"ltr\" style=\"line-height: 2.16; text-align: center; margin-top: 0pt; margin-bottom: 15pt;\">\u00ab\u00a0Tu ne sais pas ?\u00a0\u00bb<\/p>\n<p dir=\"ltr\" style=\"line-height: 2.16; margin-top: 0pt; margin-bottom: 15pt;\">Je suis sonn\u00e9 par l\u2019impact, et balbutie pitoyablement :<\/p>\n<p dir=\"ltr\" style=\"line-height: 2.16; text-align: center; margin-top: 0pt; margin-bottom: 15pt;\">\u00ab\u00a0Je suis d\u00e9sol\u00e9, je voulais remettre en cause votre autorit\u00e9\u00a0\u00bb.<\/p>\n<p dir=\"ltr\" style=\"line-height: 2.16; margin-top: 0pt; margin-bottom: 15pt;\">La r\u00e9ponse ne se fait pas attendre m\u00eame tarif pour mes joues, suivie d\u2019un impitoyable :<\/p>\n<p dir=\"ltr\" style=\"line-height: 2.16; text-align: center; margin-top: 0pt; margin-bottom: 15pt;\">\u00ab\u00a0Je sais\u00a0\u00bb<\/p>\n<p dir=\"ltr\" style=\"line-height: 2.16; margin-top: 0pt; margin-bottom: 15pt;\">Mes genoux commencent \u00e0 me faire mal, mes joues sont douloureuses alors que j\u2019ai mis mes mains dans le dos instinctivement. La position est plus qu\u2019inconfortable ; je ne suis pas habitu\u00e9 \u00e0 ce qu\u2019elle m\u2019ass\u00e8ne autant de pression.<\/p>\n<p dir=\"ltr\" style=\"line-height: 2.16; margin-top: 0pt; margin-bottom: 15pt;\">Elle continue son petit jeu imperturbable, me laissant parfois des pauses s\u2019amusant \u00e0 me fixer du regard pendant mon tourment.<\/p>\n<p dir=\"ltr\" style=\"line-height: 2.16; margin-top: 0pt; margin-bottom: 15pt;\">En premier lieu je commence d\u2019abord \u00e0 m\u2019\u00e9nerver, ce qui est stupide je ne dis rien, mais lui lance un regard plein de col\u00e8re.<\/p>\n<p dir=\"ltr\" style=\"line-height: 2.16; margin-top: 0pt; margin-bottom: 15pt;\">J\u2019ai cherch\u00e9 la punition, je l\u2019obtiens, elle assoit son autorit\u00e9 et je commence d\u00e9j\u00e0 \u00e0 faire machine arri\u00e8re, apr\u00e8s tout une simple tape sur les fesses, la punition ne serait-elle pas disproportionn\u00e9e ?<\/p>\n<p dir=\"ltr\" style=\"line-height: 2.16; margin-top: 0pt; margin-bottom: 15pt;\">\u00c9videmment elle le voit, mon regain d\u2019insolence et de col\u00e8re m\u00eal\u00e9 me donne des ailes, je tente de soutenir l\u2019intensit\u00e9 de ses pupilles.<\/p>\n<p dir=\"ltr\" style=\"line-height: 2.16; margin-top: 0pt; margin-bottom: 15pt;\">Seul r\u00e9sultat de la man\u0153uvre, plus de gifles, et plus fortes, apr\u00e8s une s\u00e9rie dont je perds le compte la col\u00e8re laisse place \u00e0 de la panique.<\/p>\n<p dir=\"ltr\" style=\"line-height: 2.16; margin-top: 0pt; margin-bottom: 15pt;\">Mes yeux deviennent larmoyants, ma volont\u00e9 de r\u00e9sister \u00e0 la punition se fissure. Je ne sais pas combien de claques j\u2019ai endur\u00e9s, mais je sais seulement qu\u2019en l\u2019espace de 1O minutes j\u2019ai pris plus de gifles que dans ma vie enti\u00e8re.<\/p>\n<p dir=\"ltr\" style=\"line-height: 2.16; margin-top: 0pt; margin-bottom: 15pt;\">Elle doit surement s\u2019en douter, je tente d\u2019accompagner le mouvement des gifles avec ma t\u00eate pour att\u00e9nuer l\u2019impact. Imperturbable et sans piti\u00e9 elle me repositionne la t\u00eate \u00e0 chaque fois qu\u2019elle juge que j\u2019ai minimis\u00e9 le coup, et me l\u2019ass\u00e8ne alors avec plus de force.<\/p>\n<p dir=\"ltr\" style=\"line-height: 2.16; margin-top: 0pt; margin-bottom: 15pt;\">Je ne l\u2019ai jamais vu ainsi, froide d\u00e9termin\u00e9e, elle est comme entour\u00e9e d\u2019une aura. Elle ne laisse rien passer je ne reconnais plus la jeune fille h\u00e9sitante de nos pr\u00e9c\u00e9dents jeux.<\/p>\n<p dir=\"ltr\" style=\"line-height: 2.16; margin-top: 0pt; margin-bottom: 15pt;\">La douleur rend mes yeux humides, je commence \u00e0 perdre contenance et mes genoux n\u2019arrangent rien pendant les pauses. Elle ach\u00e8ve la derni\u00e8re poche de contenance que je poss\u00e8de en me demandant :<\/p>\n<p dir=\"ltr\" style=\"line-height: 2.16; text-align: center; margin-top: 0pt; margin-bottom: 15pt;\">\u00ab\u00a0Bah alors tu vas pleurer ?\u00a0\u00a0Pleure voyons\u00a0\u00bb.<\/p>\n<p dir=\"ltr\" style=\"line-height: 2.16; margin-top: 0pt; margin-bottom: 15pt;\">Des larmes de douleur, mais surtout de frustration coulent alors sur mon visage. Je ne veux plus \u00eatre punis, je veux juste que la punition prenne fin. J\u2019ai jou\u00e9 j\u2019ai perdu, et je ne veux plus remettre en cause son autorit\u00e9. Elle m\u2019en remet quelques-unes pour la forme moins forte que les pr\u00e9c\u00e9dentes, je n\u2019entends pas mes oreilles siffler cette fois. Elle quitte son air imperturbable fa\u00e7on inquisiteur et m\u2019autorise \u00e0 essuyer mes larmes contre elle.<\/p>\n<p dir=\"ltr\" style=\"line-height: 2.16; margin-top: 0pt; margin-bottom: 15pt;\">Je reste blotti un petit moment alors qu\u2019elle me murmure \u201cgame off\u201d, une fois mes esprits r\u00e9cup\u00e9r\u00e9s nous d\u00e9battons doucement de ce qui vient de se passer. Elle me confie qu\u2019elle se sentait comme en transe mais qu\u2019elle a h\u00e9sit\u00e9 \u00e0 arr\u00eater quand mes yeux sont devenus humides bien que ce ne f\u00fbt pas le cas. Je lui fais part de mon ressenti profitant de ce moment de tendresse. Une id\u00e9e me traverse alors l\u2019esprit, elle apprend bien vite, elle y a song\u00e9 et l\u2019a appliqu\u00e9 sans faillir quand je m\u2019y attendais le moins, pour la premi\u00e8re fois avec elle je me suis senti vraiment domin\u00e9 et j\u2019ai mis un petit moment avant d\u2019oser \u00e0 nouveau la provoquer.<\/p>\n<p>\u00a0<\/p>\n<p dir=\"ltr\" style=\"line-height: 1.44; margin-top: 0pt; margin-bottom: 7pt;\">\n","protected":false},"excerpt":{"rendered":"<p>Il m\u2019est parfois difficile de conter mes exp\u00e9riences, tant elles me paraissent fades au regard des autres blogs que je lis avec avidit\u00e9. J\u2019ai r\u00e9cemment d\u00e9couvert le blog de Mademoiselle Emilie dont la plume m\u2019a laiss\u00e9 pantois, outre sa grande exp\u00e9rience, ses r\u00e9cits sont d\u00e9crits avec rigueur et d\u00e9taill\u00e9s. On s\u2019imagine ais\u00e9ment spectateur de son [&hellip;]<\/p>\n","protected":false},"author":1,"featured_media":0,"parent":0,"menu_order":0,"comment_status":"closed","ping_status":"closed","template":"","meta":{"footnotes":""},"class_list":["post-114","page","type-page","status-publish","hentry"],"aioseo_notices":[],"_links":{"self":[{"href":"https:\/\/sunblogbdsm.fr\/index.php?rest_route=\/wp\/v2\/pages\/114"}],"collection":[{"href":"https:\/\/sunblogbdsm.fr\/index.php?rest_route=\/wp\/v2\/pages"}],"about":[{"href":"https:\/\/sunblogbdsm.fr\/index.php?rest_route=\/wp\/v2\/types\/page"}],"author":[{"embeddable":true,"href":"https:\/\/sunblogbdsm.fr\/index.php?rest_route=\/wp\/v2\/users\/1"}],"replies":[{"embeddable":true,"href":"https:\/\/sunblogbdsm.fr\/index.php?rest_route=%2Fwp%2Fv2%2Fcomments&post=114"}],"version-history":[{"count":7,"href":"https:\/\/sunblogbdsm.fr\/index.php?rest_route=\/wp\/v2\/pages\/114\/revisions"}],"predecessor-version":[{"id":122,"href":"https:\/\/sunblogbdsm.fr\/index.php?rest_route=\/wp\/v2\/pages\/114\/revisions\/122"}],"wp:attachment":[{"href":"https:\/\/sunblogbdsm.fr\/index.php?rest_route=%2Fwp%2Fv2%2Fmedia&parent=114"}],"curies":[{"name":"wp","href":"https:\/\/api.w.org\/{rel}","templated":true}]}}