{"id":108,"date":"2023-06-04T16:59:06","date_gmt":"2023-06-04T14:59:06","guid":{"rendered":"https:\/\/sunblogbdsm.fr\/?page_id=108"},"modified":"2023-06-04T16:59:45","modified_gmt":"2023-06-04T14:59:45","slug":"gradation","status":"publish","type":"page","link":"https:\/\/sunblogbdsm.fr\/?page_id=108","title":{"rendered":"Gradation"},"content":{"rendered":"<p dir=\"ltr\" style=\"line-height: 1.44; margin-top: 0pt; margin-bottom: 7pt;\">Ce qu&#8217;il y a de passionnant avec le BDSM, c&#8217;est que lorsque l&#8217;on pense approcher un niveau correct, avoir saisi certaines de ses subtilit\u00e9s, il nous remet \u00e0 notre place. Il nous murmure d\u00e9licatement \u00e0 l&#8217;oreille, de sa voix chaude et suave, de ne jamais oublier, de nous m\u00e9fier, de l&#8217;approcher avec une vision humble, et que sa profondeur est telle que la suffisance n&#8217;est pas envisageable en sa demeure.<\/p>\n<p dir=\"ltr\" style=\"line-height: 1.44; margin-top: 0pt; margin-bottom: 7pt;\">C&#8217;est donc ce qu&#8217;il c&#8217;est pass\u00e9 avec \u00ab\u00a0La Ch\u00e9rie \u00bb, peut-\u00eatre l&#8217;avais-je sous-estim\u00e9, mes poussi\u00e8res d&#8217;ann\u00e9es suppl\u00e9mentaires ont probablement \u00e9mouss\u00e9 mon bon sens. Je quittais tout juste les bras de Morph\u00e9e, berc\u00e9 contre sa peau douce, quand un mouvement discret r\u00e9veilla l\u00e9g\u00e8rement mes sens.\u00a0<\/p>\n<p dir=\"ltr\" style=\"line-height: 1.44; margin-top: 0pt; margin-bottom: 7pt;\">J&#8217;entrouvrais un \u0153il ensommeill\u00e9, curieux, et vis l&#8217;\u00e9tincelant sourire de \u00ab Celle qui murmure \u00bb, je m&#8217;appr\u00eatais \u00e0 me rendormir rassur\u00e9, elle \u00e9tait seulement r\u00e9veill\u00e9e, rien d&#8217;alarmant, d&#8217;inqui\u00e9tant, si ce n&#8217;est la lueur malicieuse au fond de ses prunelles, lueur \u00e0 laquelle je m&#8217;\u00e9tais habitu\u00e9, et que je n&#8217;ai su d\u00e9crypter.<\/p>\n<p dir=\"ltr\" style=\"line-height: 1.44; margin-top: 0pt; margin-bottom: 7pt;\">Une sensation vive m&#8217;arrache des derni\u00e8res brides du monde du sommeil, un g\u00e9missement surpris m&#8217;\u00e9chappe, je remue l\u00e9g\u00e8rement pour voir d&#8217;o\u00f9 provient la cause de la chaleur qui irradie ma fesse. J&#8217;\u00e9carquille les yeux et les plonge dans deux ovales sombres et p\u00e9tillants, je reste sans-voix, et fais courir mon regard sur son bras, je pousse mon enqu\u00eate pour trouver la fautive, elle est l\u00e0, dans le creux serr\u00e9 de sa main, presque encore vibrante, se nourrissant de ses impacts sur mon corps.<\/p>\n<p dir=\"ltr\" style=\"line-height: 1.44; margin-top: 0pt; margin-bottom: 7pt;\">Le r\u00e9veil est certes peu habituel, mais je n&#8217;esquisse pas un mouvement de protestation, si ce n&#8217;est un langage corporel surpris, j&#8217;ai le temps d&#8217;apercevoir son sourire immacul\u00e9, avant que la cravache m&#8217;ass\u00e8ne quelques petits coups rapides. Cette fois sur mon torse, mon ventre, et enfin mes t\u00e9tons. Je retiens beaucoup moins mes g\u00e9missements qu&#8217;\u00e0 l&#8217;accoutum\u00e9e, j&#8217;en suis presque fier, peut-\u00eatre m\u00eame qu&#8217;un l\u00e9ger sourire orne mon visage.\u00a0<\/p>\n<p dir=\"ltr\" style=\"line-height: 1.44; margin-top: 0pt; margin-bottom: 7pt;\">La Belle semble satisfaite, ou plut\u00f4t m&#8217;encourage \u00e0 continuer, quelques coups \u00e0 peine cruels atteignent le haut de mes pectoraux, malgr\u00e9 moi, je remue quand elle augmente l&#8217;intensit\u00e9. Ses jambes bloquent alors mon bras droit, dans un \u00e9tau serr\u00e9 mais agr\u00e9able, je ne lutte pas, son contact est chaud et m&#8217;aide \u00e0 apprivoiser cette douleur, que j&#8217;ai bien du mal \u00e0 laisser quitter mes l\u00e8vres.<\/p>\n<p dir=\"ltr\" style=\"line-height: 1.44; margin-top: 0pt; margin-bottom: 7pt;\">Le rythme prend une tournure inhabituelle mais int\u00e9ressante, elle alterne efficacement les coups sur la droite et la gauche de mon torse, je m&#8217;habitue presque et accueille les impacts en fr\u00e9missant, je n&#8217;essaye pas de les minimiser, je veux rester immobile sous la pluie qui redouble.<\/p>\n<p dir=\"ltr\" style=\"line-height: 1.44; margin-top: 0pt; margin-bottom: 7pt;\">Je perds l\u00e9g\u00e8rement la notion du temps, La Douce a-t-elle commenc\u00e9 mon r\u00e9veil express depuis 5, 10, 15 minutes ? Je ne le sais pas, et n&#8217;ai pas le temps de m&#8217;en soucier. La cravache mord les parties les plus fines et d\u00e9licates de mon buste, s&#8217;aventure juste en dessous des c\u00f4tes, et saisit la chair de l&#8217;int\u00e9rieur de mes cuisses. J&#8217;ai \u00e0 peine le temps de clore mes l\u00e8vres, ma gorge devient le th\u00e9\u00e2tre d&#8217;une symphonie inconnue. J&#8217;ignorais m\u00eame que je pouvais produire de tels sons, je n&#8217;ai pas le temps de m&#8217;en offusquer, et lib\u00e8re ce trop-plein de sensation par vagues, sa main caresse l\u00e9g\u00e8rement ma t\u00eate, j&#8217;en perds contenance. Elle m&#8217;aide \u00e0 tenir et sa douceur ne fait que rendre les morsures de la cravache plus savoureuses, un l\u00e9ger filet de bave se propage sur l&#8217;oreiller et ma joue, mais je ne prends m\u00eame pas le temps de le chasser.<\/p>\n<p dir=\"ltr\" style=\"line-height: 1.44; margin-top: 0pt; margin-bottom: 7pt;\">Parfois ses mains l\u00e2chent leur objet divin, et frictionnent avec vigueur les sillons de son travail. Comme pour s&#8217;assurer de la r\u00e9gularit\u00e9 de son \u0153uvre, les caresses appuy\u00e9es se transforment en une explosion de sensations, vives, irrit\u00e9s, caress\u00e9s, apais\u00e9s, tout \u00e7a m\u00e9lang\u00e9 \u00e0 la fois. Elle s&#8217;attarde m\u00eame sur mes meurtri\u00e8res, et les stimule longuement sans piti\u00e9, le peu de contenance qu&#8217;il me restait me d\u00e9serte, et les r\u00e2les de plaisir vifs inondent la mezzanine.<\/p>\n<p dir=\"ltr\" style=\"line-height: 1.44; margin-top: 0pt; margin-bottom: 7pt;\">\u00a0Un arr\u00eat inopin\u00e9 me laisse reprendre ma respiration, sa voix douce caresse d\u00e9licatement mes oreilles.\u00a0<\/p>\n<p dir=\"ltr\" style=\"line-height: 1.44; margin-top: 0pt; margin-bottom: 7pt;\">\u00ab\u00a0Tu te souviens des mots ?<\/p>\n<p dir=\"ltr\" style=\"line-height: 1.44; margin-top: 0pt; margin-bottom: 7pt;\">-Jaune, orange, rouge murmurais-je\u00a0<\/p>\n<p dir=\"ltr\" style=\"line-height: 1.44; margin-top: 0pt; margin-bottom: 7pt;\">-Bien \u00bb<\/p>\n<p dir=\"ltr\" style=\"line-height: 1.44; margin-top: 0pt; margin-bottom: 7pt;\">Les assauts de la cravache redoublent encore d&#8217;intensit\u00e9s, et assaillent avec vigueur mes collines \u00e9rog\u00e8nes, je me crispe face \u00e0 cette attention redoubl\u00e9e, et en perds mes bonnes mani\u00e8res. Un l\u00e9ger chuchotement me ram\u00e8ne aux convenances, tandis que l&#8217;inventive repositionne mon torse avec douceur mais fermet\u00e9.<\/p>\n<p dir=\"ltr\" style=\"line-height: 1.44; margin-top: 0pt; margin-bottom: 7pt;\">Comme pour s&#8217;assurer de ma bonne volont\u00e9, chaque fois qu&#8217;elle me repositionne, elle appuie encore plus longtemps sur l&#8217;endroit qui rompt mon immobilit\u00e9.<\/p>\n<p dir=\"ltr\" style=\"line-height: 1.44; margin-top: 0pt; margin-bottom: 7pt;\">Je serre les dents, enfin quand des r\u00e2les obsc\u00e8nes ne monopolisent pas ma bouche, j&#8217;ai l&#8217;impression que des ondes de chaleur irradient de mon torse et se propagent sur ma peau, comme des volutes de poussi\u00e8res \u00e9lectris\u00e9s provoqu\u00e9es par un rallye invisible.<\/p>\n<p dir=\"ltr\" style=\"line-height: 1.44; margin-top: 0pt; margin-bottom: 7pt;\">Chaque impact perturbe ces ondes, et les concentrent en un point quelques secondes, la sensation est d\u00e9licieuse, je n&#8217;avais jamais encore ressenti \u00e7a, les impacts sont beaucoup plus forts et appuy\u00e9s. Pourtant la douleur est comme att\u00e9nu\u00e9e par ces ondes qui se propagent, je perds pied et suis seulement ces sensations nouvelles, je ne sais combien de temps. Le plaisir na\u00eet alors sous une forme nouvelle, inconnue, d\u00e9licieuse, mais aussi effrayante. C&#8217;est si agr\u00e9able que j&#8217;oublie tout le reste, mais cette nouveaut\u00e9 m&#8217;effraie, ces deux \u00e9motions s&#8217;affrontent alors une dizaine de secondes. Partag\u00e9 entre l&#8217;envie de continuer \u00e0 explorer ce plaisir naissant, et cette panique qui commence \u00e0 fissurer les ondes. Je c\u00e8de alors \u00e0 cette panique, et prononce le mot en R, presque \u00e0 contrec\u0153ur, la cuisante chaleur s&#8217;estompe \u00e0 peine malgr\u00e9 l&#8217;arr\u00eat de la Divine. Les ondes de plaisirs s\u2019espacent tandis que je me blottis dans son cou, elle me rassure doucement avec une voix douce, sa chaleur me berce, tandis que les yeux ferm\u00e9s, je refais connaissance avec la r\u00e9alit\u00e9. Je balbutie quelques mots avec difficult\u00e9, pour exprimer mon ressenti, je ne veux pas l&#8217;inqui\u00e9ter. Ses doigts d\u00e9licats masse l&#8217;arri\u00e8re de mon cr\u00e2ne, et je me laisse choyer de longues minutes. Quelques larmes ont coul\u00e9 de mon visage, trois ou quatre plus par panique que par douleur, l&#8217;image des ondes chaudes galopantes m&#8217;intrigue, une l\u00e9g\u00e8re frustration m&#8217;envahit, j&#8217;aurai voulu continuer&#8230; je m&#8217;apaise et me plonge dans ses caresses, oubliant mes interrogations.<\/p>\n<p>\u00a0<\/p>\n","protected":false},"excerpt":{"rendered":"<p>Ce qu&#8217;il y a de passionnant avec le BDSM, c&#8217;est que lorsque l&#8217;on pense approcher un niveau correct, avoir saisi certaines de ses subtilit\u00e9s, il nous remet \u00e0 notre place. Il nous murmure d\u00e9licatement \u00e0 l&#8217;oreille, de sa voix chaude et suave, de ne jamais oublier, de nous m\u00e9fier, de l&#8217;approcher avec une vision humble, [&hellip;]<\/p>\n","protected":false},"author":1,"featured_media":0,"parent":0,"menu_order":0,"comment_status":"closed","ping_status":"closed","template":"","meta":{"footnotes":""},"class_list":["post-108","page","type-page","status-publish","hentry"],"aioseo_notices":[],"_links":{"self":[{"href":"https:\/\/sunblogbdsm.fr\/index.php?rest_route=\/wp\/v2\/pages\/108"}],"collection":[{"href":"https:\/\/sunblogbdsm.fr\/index.php?rest_route=\/wp\/v2\/pages"}],"about":[{"href":"https:\/\/sunblogbdsm.fr\/index.php?rest_route=\/wp\/v2\/types\/page"}],"author":[{"embeddable":true,"href":"https:\/\/sunblogbdsm.fr\/index.php?rest_route=\/wp\/v2\/users\/1"}],"replies":[{"embeddable":true,"href":"https:\/\/sunblogbdsm.fr\/index.php?rest_route=%2Fwp%2Fv2%2Fcomments&post=108"}],"version-history":[{"count":4,"href":"https:\/\/sunblogbdsm.fr\/index.php?rest_route=\/wp\/v2\/pages\/108\/revisions"}],"predecessor-version":[{"id":113,"href":"https:\/\/sunblogbdsm.fr\/index.php?rest_route=\/wp\/v2\/pages\/108\/revisions\/113"}],"wp:attachment":[{"href":"https:\/\/sunblogbdsm.fr\/index.php?rest_route=%2Fwp%2Fv2%2Fmedia&parent=108"}],"curies":[{"name":"wp","href":"https:\/\/api.w.org\/{rel}","templated":true}]}}